{"id":32802,"date":"2024-03-10T11:38:13","date_gmt":"2024-03-10T11:38:13","guid":{"rendered":"https:\/\/crouchrarebooks.com\/browse\/annotated-by-louis-freycinet\/"},"modified":"2025-12-21T16:40:28","modified_gmt":"2025-12-21T16:40:28","slug":"annotated-by-louis-freycinet","status":"publish","type":"product","link":"https:\/\/crouchrarebooks.com\/zh-hans\/browse\/annotated-by-louis-freycinet\/","title":{"rendered":"Annotated by Louis Freycinet"},"content":{"rendered":"<p>Separate issue. 2 charts on one engraved mapsheet, watermarked &#8220;Depot de la Marine&#8221;.<\/p>","protected":false},"excerpt":{"rendered":"By FREYCINET, Louis Claude de Saulces de; and Louis Isidor<br \/>DUPERREY, 1826].","protected":false},"featured_media":32803,"template":"","meta":[],"product_brand":[409],"product_cat":[1017,4953,1196],"product_tag":[5667,5420,5615,5805],"product_campaign":[],"class_list":{"0":"post-32802","1":"product","2":"type-product","3":"status-publish","4":"has-post-thumbnail","6":"product_brand-rare-maps","7":"product_cat-australasia-the-pacific","8":"product_cat-all-stock","9":"product_cat-pacific","10":"product_tag-december25","11":"product_tag-quickcheck","12":"product_tag-quickcheck25","13":"product_tag-soldcheck","14":"subjects-australasia-the-pacific","15":"subjects-australasia-the-pacific-3","16":"subjects-maps","17":"subjects-pacific","18":"subjects-pacific-australasia-the-pacific-3","19":"locations-australasia-the-pacific-2","20":"locations-pacific-australasia-the-pacific-2","22":"first","23":"outofstock","24":"sold-individually","25":"purchasable","26":"product-type-simple"},"yoast_head":"<!-- This site is optimized with the Yoast SEO Premium plugin v24.7 (Yoast SEO v27.4) - https:\/\/yoast.com\/product\/yoast-seo-premium-wordpress\/ -->\n<title>Annotated by Louis Freycinet - Daniel Crouch Rare Books<\/title>\n<meta name=\"robots\" content=\"index, follow, max-snippet:-1, max-image-preview:large, max-video-preview:-1\" \/>\n<link rel=\"canonical\" href=\"https:\/\/crouchrarebooks.com\/browse\/annotated-by-louis-freycinet\/\" \/>\n<meta property=\"og:locale\" content=\"zh_CN\" \/>\n<meta property=\"og:type\" content=\"article\" \/>\n<meta property=\"og:title\" content=\"Annotated by Louis Freycinet\" \/>\n<meta property=\"og:description\" content=\"By FREYCINET, Louis Claude de Saulces de; and Louis IsidorDUPERREY, 1826].\" \/>\n<meta property=\"og:url\" content=\"https:\/\/crouchrarebooks.com\/browse\/annotated-by-louis-freycinet\/\" \/>\n<meta property=\"og:site_name\" content=\"Daniel Crouch Rare Books\" \/>\n<meta property=\"article:modified_time\" content=\"2025-12-21T16:40:28+00:00\" \/>\n<meta property=\"og:image\" content=\"https:\/\/crouchrarebooks.com\/wp-content\/uploads\/2025\/03\/22770_1H-573x800.jpg\" \/>\n\t<meta property=\"og:image:width\" content=\"573\" \/>\n\t<meta property=\"og:image:height\" content=\"800\" \/>\n\t<meta property=\"og:image:type\" content=\"image\/jpeg\" \/>\n<meta name=\"twitter:card\" content=\"summary_large_image\" \/>\n<script type=\"application\/ld+json\" class=\"yoast-schema-graph\">{\"@context\":\"https:\\\/\\\/schema.org\",\"@graph\":[{\"@type\":\"WebPage\",\"@id\":\"https:\\\/\\\/crouchrarebooks.com\\\/browse\\\/annotated-by-louis-freycinet\\\/\",\"url\":\"https:\\\/\\\/crouchrarebooks.com\\\/browse\\\/annotated-by-louis-freycinet\\\/\",\"name\":\"Annotated by Louis Freycinet - Daniel Crouch Rare Books\",\"isPartOf\":{\"@id\":\"https:\\\/\\\/crouchrarebooks.com\\\/#website\"},\"primaryImageOfPage\":{\"@id\":\"https:\\\/\\\/crouchrarebooks.com\\\/browse\\\/annotated-by-louis-freycinet\\\/#primaryimage\"},\"image\":{\"@id\":\"https:\\\/\\\/crouchrarebooks.com\\\/browse\\\/annotated-by-louis-freycinet\\\/#primaryimage\"},\"thumbnailUrl\":\"https:\\\/\\\/i0.wp.com\\\/crouchrarebooks.com\\\/wp-content\\\/uploads\\\/2025\\\/03\\\/22770_1H.jpg?fit=4000%2C5586&ssl=1\",\"datePublished\":\"2024-03-10T11:38:13+00:00\",\"dateModified\":\"2025-12-21T16:40:28+00:00\",\"breadcrumb\":{\"@id\":\"https:\\\/\\\/crouchrarebooks.com\\\/browse\\\/annotated-by-louis-freycinet\\\/#breadcrumb\"},\"inLanguage\":\"zh-Hans\",\"potentialAction\":[{\"@type\":\"ReadAction\",\"target\":[\"https:\\\/\\\/crouchrarebooks.com\\\/browse\\\/annotated-by-louis-freycinet\\\/\"]}]},{\"@type\":\"ImageObject\",\"inLanguage\":\"zh-Hans\",\"@id\":\"https:\\\/\\\/crouchrarebooks.com\\\/browse\\\/annotated-by-louis-freycinet\\\/#primaryimage\",\"url\":\"https:\\\/\\\/i0.wp.com\\\/crouchrarebooks.com\\\/wp-content\\\/uploads\\\/2025\\\/03\\\/22770_1H.jpg?fit=4000%2C5586&ssl=1\",\"contentUrl\":\"https:\\\/\\\/i0.wp.com\\\/crouchrarebooks.com\\\/wp-content\\\/uploads\\\/2025\\\/03\\\/22770_1H.jpg?fit=4000%2C5586&ssl=1\",\"width\":4000,\"height\":5586,\"caption\":\"FREYCINET, Louis Claude de Saulces de; and Louis Isidor DUPERREY Carte Generale de l'Archipel des \u00eeles Mariannes (Partie M\u00e9ridionale) - Carte G\u00e9n\u00e9rale de l'Archipel des \u00celes Mariannes (Partie Septentrionale)\"},{\"@type\":\"BreadcrumbList\",\"@id\":\"https:\\\/\\\/crouchrarebooks.com\\\/browse\\\/annotated-by-louis-freycinet\\\/#breadcrumb\",\"itemListElement\":[{\"@type\":\"ListItem\",\"position\":1,\"name\":\"Home\",\"item\":\"https:\\\/\\\/crouchrarebooks.com\\\/zh-hans\\\/\"},{\"@type\":\"ListItem\",\"position\":2,\"name\":\"shop\",\"item\":\"https:\\\/\\\/crouchrarebooks.com\\\/shop\\\/\"},{\"@type\":\"ListItem\",\"position\":3,\"name\":\"Annotated by Louis Freycinet\"}]},{\"@type\":\"WebSite\",\"@id\":\"https:\\\/\\\/crouchrarebooks.com\\\/#website\",\"url\":\"https:\\\/\\\/crouchrarebooks.com\\\/\",\"name\":\"Daniel Crouch Rare Books\",\"description\":\"Rare Maps, Vintage Maps, Antique Maps, Rare Atlases, Rare Books\",\"potentialAction\":[{\"@type\":\"SearchAction\",\"target\":{\"@type\":\"EntryPoint\",\"urlTemplate\":\"https:\\\/\\\/crouchrarebooks.com\\\/?s={search_term_string}\"},\"query-input\":{\"@type\":\"PropertyValueSpecification\",\"valueRequired\":true,\"valueName\":\"search_term_string\"}}],\"inLanguage\":\"zh-Hans\"}]}<\/script>\n<!-- \/ Yoast SEO Premium plugin. -->","yoast_head_json":{"title":"Annotated by Louis Freycinet - Daniel Crouch Rare Books","robots":{"index":"index","follow":"follow","max-snippet":"max-snippet:-1","max-image-preview":"max-image-preview:large","max-video-preview":"max-video-preview:-1"},"canonical":"https:\/\/crouchrarebooks.com\/browse\/annotated-by-louis-freycinet\/","og_locale":"zh_CN","og_type":"article","og_title":"Annotated by Louis Freycinet","og_description":"By FREYCINET, Louis Claude de Saulces de; and Louis IsidorDUPERREY, 1826].","og_url":"https:\/\/crouchrarebooks.com\/browse\/annotated-by-louis-freycinet\/","og_site_name":"Daniel Crouch Rare Books","article_modified_time":"2025-12-21T16:40:28+00:00","og_image":[{"width":573,"height":800,"url":"https:\/\/crouchrarebooks.com\/wp-content\/uploads\/2025\/03\/22770_1H-573x800.jpg","type":"image\/jpeg"}],"twitter_card":"summary_large_image","schema":{"@context":"https:\/\/schema.org","@graph":[{"@type":"WebPage","@id":"https:\/\/crouchrarebooks.com\/browse\/annotated-by-louis-freycinet\/","url":"https:\/\/crouchrarebooks.com\/browse\/annotated-by-louis-freycinet\/","name":"Annotated by Louis Freycinet - Daniel Crouch Rare Books","isPartOf":{"@id":"https:\/\/crouchrarebooks.com\/#website"},"primaryImageOfPage":{"@id":"https:\/\/crouchrarebooks.com\/browse\/annotated-by-louis-freycinet\/#primaryimage"},"image":{"@id":"https:\/\/crouchrarebooks.com\/browse\/annotated-by-louis-freycinet\/#primaryimage"},"thumbnailUrl":"https:\/\/i0.wp.com\/crouchrarebooks.com\/wp-content\/uploads\/2025\/03\/22770_1H.jpg?fit=4000%2C5586&ssl=1","datePublished":"2024-03-10T11:38:13+00:00","dateModified":"2025-12-21T16:40:28+00:00","breadcrumb":{"@id":"https:\/\/crouchrarebooks.com\/browse\/annotated-by-louis-freycinet\/#breadcrumb"},"inLanguage":"zh-Hans","potentialAction":[{"@type":"ReadAction","target":["https:\/\/crouchrarebooks.com\/browse\/annotated-by-louis-freycinet\/"]}]},{"@type":"ImageObject","inLanguage":"zh-Hans","@id":"https:\/\/crouchrarebooks.com\/browse\/annotated-by-louis-freycinet\/#primaryimage","url":"https:\/\/i0.wp.com\/crouchrarebooks.com\/wp-content\/uploads\/2025\/03\/22770_1H.jpg?fit=4000%2C5586&ssl=1","contentUrl":"https:\/\/i0.wp.com\/crouchrarebooks.com\/wp-content\/uploads\/2025\/03\/22770_1H.jpg?fit=4000%2C5586&ssl=1","width":4000,"height":5586,"caption":"FREYCINET, Louis Claude de Saulces de; and Louis Isidor DUPERREY Carte Generale de l'Archipel des \u00eeles Mariannes (Partie M\u00e9ridionale) - Carte G\u00e9n\u00e9rale de l'Archipel des \u00celes Mariannes (Partie Septentrionale)"},{"@type":"BreadcrumbList","@id":"https:\/\/crouchrarebooks.com\/browse\/annotated-by-louis-freycinet\/#breadcrumb","itemListElement":[{"@type":"ListItem","position":1,"name":"Home","item":"https:\/\/crouchrarebooks.com\/zh-hans\/"},{"@type":"ListItem","position":2,"name":"shop","item":"https:\/\/crouchrarebooks.com\/shop\/"},{"@type":"ListItem","position":3,"name":"Annotated by Louis Freycinet"}]},{"@type":"WebSite","@id":"https:\/\/crouchrarebooks.com\/#website","url":"https:\/\/crouchrarebooks.com\/","name":"Daniel Crouch Rare Books","description":"Rare Maps, Vintage Maps, Antique Maps, Rare Atlases, Rare Books","potentialAction":[{"@type":"SearchAction","target":{"@type":"EntryPoint","urlTemplate":"https:\/\/crouchrarebooks.com\/?s={search_term_string}"},"query-input":{"@type":"PropertyValueSpecification","valueRequired":true,"valueName":"search_term_string"}}],"inLanguage":"zh-Hans"}]}},"jetpack_sharing_enabled":true,"_links":{"self":[{"href":"https:\/\/crouchrarebooks.com\/zh-hans\/wp-json\/wp\/v2\/product\/32802","targetHints":{"allow":["GET"]}}],"collection":[{"href":"https:\/\/crouchrarebooks.com\/zh-hans\/wp-json\/wp\/v2\/product"}],"about":[{"href":"https:\/\/crouchrarebooks.com\/zh-hans\/wp-json\/wp\/v2\/types\/product"}],"wp:featuredmedia":[{"embeddable":true,"href":"https:\/\/crouchrarebooks.com\/zh-hans\/wp-json\/wp\/v2\/media\/32803"}],"wp:attachment":[{"href":"https:\/\/crouchrarebooks.com\/zh-hans\/wp-json\/wp\/v2\/media?parent=32802"}],"wp:term":[{"taxonomy":"product_brand","embeddable":true,"href":"https:\/\/crouchrarebooks.com\/zh-hans\/wp-json\/wp\/v2\/product_brand?post=32802"},{"taxonomy":"product_cat","embeddable":true,"href":"https:\/\/crouchrarebooks.com\/zh-hans\/wp-json\/wp\/v2\/product_cat?post=32802"},{"taxonomy":"product_tag","embeddable":true,"href":"https:\/\/crouchrarebooks.com\/zh-hans\/wp-json\/wp\/v2\/product_tag?post=32802"},{"taxonomy":"product_campaign","embeddable":true,"href":"https:\/\/crouchrarebooks.com\/zh-hans\/wp-json\/wp\/v2\/product_campaign?post=32802"}],"curies":[{"name":"wp","href":"https:\/\/api.w.org\/{rel}","templated":true}]}}