{"id":31094,"date":"2024-12-08T08:33:29","date_gmt":"2024-12-08T08:33:29","guid":{"rendered":"https:\/\/crouchrarebooks.com\/browse\/one-of-the-first-astronomers-to-introduce-constellation-boundaries\/"},"modified":"2025-03-18T17:58:38","modified_gmt":"2025-03-18T17:58:38","slug":"one-of-the-first-astronomers-to-introduce-constellation-boundaries","status":"publish","type":"product","link":"https:\/\/crouchrarebooks.com\/zh-hans\/browse\/one-of-the-first-astronomers-to-introduce-constellation-boundaries\/","title":{"rendered":"One of the first astronomers to introduce constellation boundaries"},"content":{"rendered":"<p>Octavo (210 by 160mm), 23pp. pamphlet (190 by 125mm), two charts pasted to upper and lower pastedown (each 180 by 140mm), with movable parts, some of which are metal, contemporary marbled paper boards, rubbed.<\/p>","protected":false},"excerpt":{"rendered":"By [ANDR\u00c9, Noel] CHRYSOLOGUE de GY Capuchin P., 1779","protected":false},"featured_media":31095,"template":"","meta":[],"product_brand":[411],"product_cat":[4953,1004],"product_tag":[],"product_campaign":[],"class_list":{"0":"post-31094","1":"product","2":"type-product","3":"status-publish","4":"has-post-thumbnail","6":"product_brand-rare-books","7":"product_cat-all-stock","8":"product_cat-natural-history-science-medicine","9":"subjects-natural-history-science-medicine","11":"first","12":"outofstock","13":"sold-individually","14":"purchasable","15":"product-type-simple"},"yoast_head":"<!-- This site is optimized with the Yoast SEO Premium plugin v24.7 (Yoast SEO v27.3) - https:\/\/yoast.com\/product\/yoast-seo-premium-wordpress\/ -->\n<title>One of the first astronomers to introduce constellation boundaries - Daniel Crouch Rare Books<\/title>\n<meta name=\"robots\" content=\"index, follow, max-snippet:-1, max-image-preview:large, max-video-preview:-1\" \/>\n<link rel=\"canonical\" href=\"https:\/\/crouchrarebooks.com\/browse\/one-of-the-first-astronomers-to-introduce-constellation-boundaries\/\" \/>\n<meta property=\"og:locale\" content=\"zh_CN\" \/>\n<meta property=\"og:type\" content=\"article\" \/>\n<meta property=\"og:title\" content=\"One of the first astronomers to introduce constellation boundaries\" \/>\n<meta property=\"og:description\" content=\"By [ANDR\u00c9, Noel] CHRYSOLOGUE de GY Capuchin P., 1779\" \/>\n<meta property=\"og:url\" content=\"https:\/\/crouchrarebooks.com\/browse\/one-of-the-first-astronomers-to-introduce-constellation-boundaries\/\" \/>\n<meta property=\"og:site_name\" content=\"Daniel Crouch Rare Books\" \/>\n<meta property=\"article:modified_time\" content=\"2025-03-18T17:58:38+00:00\" \/>\n<meta property=\"og:image\" content=\"https:\/\/crouchrarebooks.com\/wp-content\/uploads\/2025\/03\/18413_1H.jpg\" \/>\n\t<meta property=\"og:image:width\" content=\"3500\" \/>\n\t<meta property=\"og:image:height\" content=\"2368\" \/>\n\t<meta property=\"og:image:type\" content=\"image\/jpeg\" \/>\n<meta name=\"twitter:card\" content=\"summary_large_image\" \/>\n<script type=\"application\/ld+json\" class=\"yoast-schema-graph\">{\"@context\":\"https:\\\/\\\/schema.org\",\"@graph\":[{\"@type\":\"WebPage\",\"@id\":\"https:\\\/\\\/crouchrarebooks.com\\\/browse\\\/one-of-the-first-astronomers-to-introduce-constellation-boundaries\\\/\",\"url\":\"https:\\\/\\\/crouchrarebooks.com\\\/browse\\\/one-of-the-first-astronomers-to-introduce-constellation-boundaries\\\/\",\"name\":\"One of the first astronomers to introduce constellation boundaries - Daniel Crouch Rare Books\",\"isPartOf\":{\"@id\":\"https:\\\/\\\/crouchrarebooks.com\\\/#website\"},\"primaryImageOfPage\":{\"@id\":\"https:\\\/\\\/crouchrarebooks.com\\\/browse\\\/one-of-the-first-astronomers-to-introduce-constellation-boundaries\\\/#primaryimage\"},\"image\":{\"@id\":\"https:\\\/\\\/crouchrarebooks.com\\\/browse\\\/one-of-the-first-astronomers-to-introduce-constellation-boundaries\\\/#primaryimage\"},\"thumbnailUrl\":\"https:\\\/\\\/i0.wp.com\\\/crouchrarebooks.com\\\/wp-content\\\/uploads\\\/2025\\\/03\\\/18413_1H.jpg?fit=3500%2C2368&ssl=1\",\"datePublished\":\"2024-12-08T08:33:29+00:00\",\"dateModified\":\"2025-03-18T17:58:38+00:00\",\"breadcrumb\":{\"@id\":\"https:\\\/\\\/crouchrarebooks.com\\\/browse\\\/one-of-the-first-astronomers-to-introduce-constellation-boundaries\\\/#breadcrumb\"},\"inLanguage\":\"zh-Hans\",\"potentialAction\":[{\"@type\":\"ReadAction\",\"target\":[\"https:\\\/\\\/crouchrarebooks.com\\\/browse\\\/one-of-the-first-astronomers-to-introduce-constellation-boundaries\\\/\"]}]},{\"@type\":\"ImageObject\",\"inLanguage\":\"zh-Hans\",\"@id\":\"https:\\\/\\\/crouchrarebooks.com\\\/browse\\\/one-of-the-first-astronomers-to-introduce-constellation-boundaries\\\/#primaryimage\",\"url\":\"https:\\\/\\\/i0.wp.com\\\/crouchrarebooks.com\\\/wp-content\\\/uploads\\\/2025\\\/03\\\/18413_1H.jpg?fit=3500%2C2368&ssl=1\",\"contentUrl\":\"https:\\\/\\\/i0.wp.com\\\/crouchrarebooks.com\\\/wp-content\\\/uploads\\\/2025\\\/03\\\/18413_1H.jpg?fit=3500%2C2368&ssl=1\",\"width\":3500,\"height\":2368,\"caption\":\"[ANDR\u00c9, Noel] CHRYSOLOGUE de GY Capuchin P. Extrait de l'Abr\u00e9g\u00e9 d'Astronomie Du P. Chrysologue de Gy,\"},{\"@type\":\"BreadcrumbList\",\"@id\":\"https:\\\/\\\/crouchrarebooks.com\\\/browse\\\/one-of-the-first-astronomers-to-introduce-constellation-boundaries\\\/#breadcrumb\",\"itemListElement\":[{\"@type\":\"ListItem\",\"position\":1,\"name\":\"Home\",\"item\":\"https:\\\/\\\/crouchrarebooks.com\\\/zh-hans\\\/\"},{\"@type\":\"ListItem\",\"position\":2,\"name\":\"shop\",\"item\":\"https:\\\/\\\/crouchrarebooks.com\\\/shop\\\/\"},{\"@type\":\"ListItem\",\"position\":3,\"name\":\"One of the first astronomers to introduce constellation boundaries\"}]},{\"@type\":\"WebSite\",\"@id\":\"https:\\\/\\\/crouchrarebooks.com\\\/#website\",\"url\":\"https:\\\/\\\/crouchrarebooks.com\\\/\",\"name\":\"Daniel Crouch Rare Books\",\"description\":\"Rare Maps, Vintage Maps, Antique Maps, Rare Atlases, Rare Books\",\"potentialAction\":[{\"@type\":\"SearchAction\",\"target\":{\"@type\":\"EntryPoint\",\"urlTemplate\":\"https:\\\/\\\/crouchrarebooks.com\\\/?s={search_term_string}\"},\"query-input\":{\"@type\":\"PropertyValueSpecification\",\"valueRequired\":true,\"valueName\":\"search_term_string\"}}],\"inLanguage\":\"zh-Hans\"}]}<\/script>\n<!-- \/ Yoast SEO Premium plugin. -->","yoast_head_json":{"title":"One of the first astronomers to introduce constellation boundaries - Daniel Crouch Rare Books","robots":{"index":"index","follow":"follow","max-snippet":"max-snippet:-1","max-image-preview":"max-image-preview:large","max-video-preview":"max-video-preview:-1"},"canonical":"https:\/\/crouchrarebooks.com\/browse\/one-of-the-first-astronomers-to-introduce-constellation-boundaries\/","og_locale":"zh_CN","og_type":"article","og_title":"One of the first astronomers to introduce constellation boundaries","og_description":"By [ANDR\u00c9, Noel] CHRYSOLOGUE de GY Capuchin P., 1779","og_url":"https:\/\/crouchrarebooks.com\/browse\/one-of-the-first-astronomers-to-introduce-constellation-boundaries\/","og_site_name":"Daniel Crouch Rare Books","article_modified_time":"2025-03-18T17:58:38+00:00","og_image":[{"width":3500,"height":2368,"url":"https:\/\/crouchrarebooks.com\/wp-content\/uploads\/2025\/03\/18413_1H.jpg","type":"image\/jpeg"}],"twitter_card":"summary_large_image","schema":{"@context":"https:\/\/schema.org","@graph":[{"@type":"WebPage","@id":"https:\/\/crouchrarebooks.com\/browse\/one-of-the-first-astronomers-to-introduce-constellation-boundaries\/","url":"https:\/\/crouchrarebooks.com\/browse\/one-of-the-first-astronomers-to-introduce-constellation-boundaries\/","name":"One of the first astronomers to introduce constellation boundaries - Daniel Crouch Rare Books","isPartOf":{"@id":"https:\/\/crouchrarebooks.com\/#website"},"primaryImageOfPage":{"@id":"https:\/\/crouchrarebooks.com\/browse\/one-of-the-first-astronomers-to-introduce-constellation-boundaries\/#primaryimage"},"image":{"@id":"https:\/\/crouchrarebooks.com\/browse\/one-of-the-first-astronomers-to-introduce-constellation-boundaries\/#primaryimage"},"thumbnailUrl":"https:\/\/i0.wp.com\/crouchrarebooks.com\/wp-content\/uploads\/2025\/03\/18413_1H.jpg?fit=3500%2C2368&ssl=1","datePublished":"2024-12-08T08:33:29+00:00","dateModified":"2025-03-18T17:58:38+00:00","breadcrumb":{"@id":"https:\/\/crouchrarebooks.com\/browse\/one-of-the-first-astronomers-to-introduce-constellation-boundaries\/#breadcrumb"},"inLanguage":"zh-Hans","potentialAction":[{"@type":"ReadAction","target":["https:\/\/crouchrarebooks.com\/browse\/one-of-the-first-astronomers-to-introduce-constellation-boundaries\/"]}]},{"@type":"ImageObject","inLanguage":"zh-Hans","@id":"https:\/\/crouchrarebooks.com\/browse\/one-of-the-first-astronomers-to-introduce-constellation-boundaries\/#primaryimage","url":"https:\/\/i0.wp.com\/crouchrarebooks.com\/wp-content\/uploads\/2025\/03\/18413_1H.jpg?fit=3500%2C2368&ssl=1","contentUrl":"https:\/\/i0.wp.com\/crouchrarebooks.com\/wp-content\/uploads\/2025\/03\/18413_1H.jpg?fit=3500%2C2368&ssl=1","width":3500,"height":2368,"caption":"[ANDR\u00c9, Noel] CHRYSOLOGUE de GY Capuchin P. Extrait de l'Abr\u00e9g\u00e9 d'Astronomie Du P. Chrysologue de Gy,"},{"@type":"BreadcrumbList","@id":"https:\/\/crouchrarebooks.com\/browse\/one-of-the-first-astronomers-to-introduce-constellation-boundaries\/#breadcrumb","itemListElement":[{"@type":"ListItem","position":1,"name":"Home","item":"https:\/\/crouchrarebooks.com\/zh-hans\/"},{"@type":"ListItem","position":2,"name":"shop","item":"https:\/\/crouchrarebooks.com\/shop\/"},{"@type":"ListItem","position":3,"name":"One of the first astronomers to introduce constellation boundaries"}]},{"@type":"WebSite","@id":"https:\/\/crouchrarebooks.com\/#website","url":"https:\/\/crouchrarebooks.com\/","name":"Daniel Crouch Rare Books","description":"Rare Maps, Vintage Maps, Antique Maps, Rare Atlases, Rare Books","potentialAction":[{"@type":"SearchAction","target":{"@type":"EntryPoint","urlTemplate":"https:\/\/crouchrarebooks.com\/?s={search_term_string}"},"query-input":{"@type":"PropertyValueSpecification","valueRequired":true,"valueName":"search_term_string"}}],"inLanguage":"zh-Hans"}]}},"jetpack_sharing_enabled":true,"_links":{"self":[{"href":"https:\/\/crouchrarebooks.com\/zh-hans\/wp-json\/wp\/v2\/product\/31094","targetHints":{"allow":["GET"]}}],"collection":[{"href":"https:\/\/crouchrarebooks.com\/zh-hans\/wp-json\/wp\/v2\/product"}],"about":[{"href":"https:\/\/crouchrarebooks.com\/zh-hans\/wp-json\/wp\/v2\/types\/product"}],"wp:featuredmedia":[{"embeddable":true,"href":"https:\/\/crouchrarebooks.com\/zh-hans\/wp-json\/wp\/v2\/media\/31095"}],"wp:attachment":[{"href":"https:\/\/crouchrarebooks.com\/zh-hans\/wp-json\/wp\/v2\/media?parent=31094"}],"wp:term":[{"taxonomy":"product_brand","embeddable":true,"href":"https:\/\/crouchrarebooks.com\/zh-hans\/wp-json\/wp\/v2\/product_brand?post=31094"},{"taxonomy":"product_cat","embeddable":true,"href":"https:\/\/crouchrarebooks.com\/zh-hans\/wp-json\/wp\/v2\/product_cat?post=31094"},{"taxonomy":"product_tag","embeddable":true,"href":"https:\/\/crouchrarebooks.com\/zh-hans\/wp-json\/wp\/v2\/product_tag?post=31094"},{"taxonomy":"product_campaign","embeddable":true,"href":"https:\/\/crouchrarebooks.com\/zh-hans\/wp-json\/wp\/v2\/product_campaign?post=31094"}],"curies":[{"name":"wp","href":"https:\/\/api.w.org\/{rel}","templated":true}]}}