{"id":29676,"date":"2024-05-29T00:22:10","date_gmt":"2024-05-29T00:22:10","guid":{"rendered":"https:\/\/crouchrarebooks.com\/browse\/the-world-columbus-knew-ptolemys-second-projection-and-the-first-map-signed-by-its-author\/"},"modified":"2026-04-14T21:03:09","modified_gmt":"2026-04-14T21:03:09","slug":"the-world-columbus-knew-ptolemys-second-projection-and-the-first-map-signed-by-its-author","status":"publish","type":"product","link":"https:\/\/crouchrarebooks.com\/zh-hans\/browse\/the-world-columbus-knew-ptolemys-second-projection-and-the-first-map-signed-by-its-author\/","title":{"rendered":"The world Columbus knew \u2013 Ptolemy\u2019s Second Projection, and the first map signed by its author"},"content":{"rendered":"<p>Folio (428 by 310mm), 102 leaves, double- column, 44 lines and headline, Gothic letter, 32 double-page woodcut maps with fine original hand-colour, 4 woodcut diagrams in the text, 2 large illuminated historiated initials, one showing Donnus Nicolaus presenting his book to Pope Paul II, the other of Ptolemy, 159 other woodcut initials coloured in red, green and ochre, paragraph marks and initial-strokes supplied in ochre, tear to d6, and repaired tear to the map &#8216;Tertia Africa&#8217;, some dampstaining and discolouration throughout, including spotting affecting the final three maps, skilful reinforcement to weakened lower page corners on maps, single leaf free endpaper bearing ownership inscription; re- cased in contemporary doeskin over clasped oak boards, joints reinforced with vellum waste, remnants of one clasp remaining.<br \/>[Bound after]: &#8216;Registrum&#8217; from Johannes Reger&#8217;s 1486 edition of Ptolemy&#8217;s &#8220;Cosmographia&#8221;, decorated with 17 5- and 6-line manuscript initials in red and blue, 30 leaves bound in 6s (not 8s as is usually the case); 9 leaves in the &#8216;registrum&#8217; uncut, tear to d6.<br \/><br \/><br \/>Collation: [Registrum]: a-d(6), e(5); [Cosmographia]: [i], a10, b-g8, h11, 32 maps.<br \/><br \/>Watermark: Late fifteenth century Italian watermark of a flower with 7 petals throughout, with the exception of the front endpaper\/&#8217;initial blank&#8217;, which bears the watermark of an upper case letter &#8216;B&#8217; on a crowned shield. These were used by the le B\u00e9 family of Troyes, in this case &#8216;Ioane le B\u00e9&#8217;. Three members of the Troyenne papermaking le B\u00e9 family bore the Christian name &#8216;Jean&#8217;: Jean I started his business in 1406. Jean II owned two paper mills around the 1470s, and Jean III lived in Troye in the first half of the 16th century. The le B\u00e9 family were accredited papermaker for the Universit\u00e9 de Paris from 1520 onwards.<\/p>","protected":false},"excerpt":{"rendered":"By PTOLEMAEUS, Claudius; translated by ANGELUS, Jacobus, and edited by Nicolaus GERMANUS, 16 July 1482.","protected":false},"featured_media":29677,"template":"","meta":[],"product_brand":[410],"product_cat":[5660,4953,5866,588],"product_tag":[6032,6034,6057,6026,2164,600,2165,5667,2166,2167,4961,956,955,5420,5615,601,582],"product_campaign":[],"class_list":{"0":"post-29676","1":"product","2":"type-product","3":"status-publish","4":"has-post-thumbnail","6":"product_brand-rare-atlases","7":"product_cat-dcrb-atlases","8":"product_cat-all-stock","9":"product_cat-sale20","10":"product_cat-world-and-continents","11":"product_tag-6032","12":"product_tag-6034","13":"product_tag-6057","14":"product_tag-6026","15":"product_tag-angelus","16":"product_tag-antique-atlas","17":"product_tag-dangelo","18":"product_tag-december25","19":"product_tag-donis","20":"product_tag-donnus","21":"product_tag-maastricht-2025","22":"product_tag-ptolemaeus","23":"product_tag-ptolemy","24":"product_tag-quickcheck","25":"product_tag-quickcheck25","26":"product_tag-rare-atlas","27":"product_tag-woodcut","28":"subjects-atlases","29":"subjects-world-and-continents-atlases","30":"subjects-world-and-continents-3","31":"locations-world-and-continents-2","33":"first","34":"instock","35":"sold-individually","36":"purchasable","37":"product-type-simple"},"yoast_head":"<!-- This site is optimized with the Yoast SEO Premium plugin v24.7 (Yoast SEO v27.4) - https:\/\/yoast.com\/product\/yoast-seo-premium-wordpress\/ -->\n<title>The world Columbus knew \u2013 Ptolemy\u2019s Second Projection, and the first map signed by its author - Daniel Crouch Rare Books<\/title>\n<meta name=\"robots\" content=\"index, follow, max-snippet:-1, max-image-preview:large, max-video-preview:-1\" \/>\n<link rel=\"canonical\" href=\"https:\/\/crouchrarebooks.com\/browse\/the-world-columbus-knew-ptolemys-second-projection-and-the-first-map-signed-by-its-author\/\" \/>\n<meta property=\"og:locale\" content=\"zh_CN\" \/>\n<meta property=\"og:type\" content=\"article\" \/>\n<meta property=\"og:title\" content=\"The world Columbus knew \u2013 Ptolemy\u2019s Second Projection, and the first map signed by its author\" \/>\n<meta property=\"og:description\" content=\"By PTOLEMAEUS, Claudius; translated by ANGELUS, Jacobus, and edited by Nicolaus GERMANUS, 16 July 1482.\" \/>\n<meta property=\"og:url\" content=\"https:\/\/crouchrarebooks.com\/browse\/the-world-columbus-knew-ptolemys-second-projection-and-the-first-map-signed-by-its-author\/\" \/>\n<meta property=\"og:site_name\" content=\"Daniel Crouch Rare Books\" \/>\n<meta property=\"article:modified_time\" content=\"2026-04-14T21:03:09+00:00\" \/>\n<meta property=\"og:image\" content=\"https:\/\/crouchrarebooks.com\/wp-content\/uploads\/2025\/03\/17674_1H.jpg\" \/>\n\t<meta property=\"og:image:width\" content=\"3500\" \/>\n\t<meta property=\"og:image:height\" content=\"2395\" \/>\n\t<meta property=\"og:image:type\" content=\"image\/jpeg\" \/>\n<meta name=\"twitter:card\" content=\"summary_large_image\" \/>\n<meta name=\"twitter:label1\" content=\"\u9884\u8ba1\u9605\u8bfb\u65f6\u95f4\" \/>\n\t<meta name=\"twitter:data1\" content=\"1 \u5206\" \/>\n<script type=\"application\/ld+json\" class=\"yoast-schema-graph\">{\"@context\":\"https:\\\/\\\/schema.org\",\"@graph\":[{\"@type\":\"WebPage\",\"@id\":\"https:\\\/\\\/crouchrarebooks.com\\\/browse\\\/the-world-columbus-knew-ptolemys-second-projection-and-the-first-map-signed-by-its-author\\\/\",\"url\":\"https:\\\/\\\/crouchrarebooks.com\\\/browse\\\/the-world-columbus-knew-ptolemys-second-projection-and-the-first-map-signed-by-its-author\\\/\",\"name\":\"The world Columbus knew \u2013 Ptolemy\u2019s Second Projection, and the first map signed by its author - Daniel Crouch Rare Books\",\"isPartOf\":{\"@id\":\"https:\\\/\\\/crouchrarebooks.com\\\/#website\"},\"primaryImageOfPage\":{\"@id\":\"https:\\\/\\\/crouchrarebooks.com\\\/browse\\\/the-world-columbus-knew-ptolemys-second-projection-and-the-first-map-signed-by-its-author\\\/#primaryimage\"},\"image\":{\"@id\":\"https:\\\/\\\/crouchrarebooks.com\\\/browse\\\/the-world-columbus-knew-ptolemys-second-projection-and-the-first-map-signed-by-its-author\\\/#primaryimage\"},\"thumbnailUrl\":\"https:\\\/\\\/i0.wp.com\\\/crouchrarebooks.com\\\/wp-content\\\/uploads\\\/2025\\\/03\\\/17674_1H.jpg?fit=3500%2C2395&ssl=1\",\"datePublished\":\"2024-05-29T00:22:10+00:00\",\"dateModified\":\"2026-04-14T21:03:09+00:00\",\"breadcrumb\":{\"@id\":\"https:\\\/\\\/crouchrarebooks.com\\\/browse\\\/the-world-columbus-knew-ptolemys-second-projection-and-the-first-map-signed-by-its-author\\\/#breadcrumb\"},\"inLanguage\":\"zh-Hans\",\"potentialAction\":[{\"@type\":\"ReadAction\",\"target\":[\"https:\\\/\\\/crouchrarebooks.com\\\/browse\\\/the-world-columbus-knew-ptolemys-second-projection-and-the-first-map-signed-by-its-author\\\/\"]}]},{\"@type\":\"ImageObject\",\"inLanguage\":\"zh-Hans\",\"@id\":\"https:\\\/\\\/crouchrarebooks.com\\\/browse\\\/the-world-columbus-knew-ptolemys-second-projection-and-the-first-map-signed-by-its-author\\\/#primaryimage\",\"url\":\"https:\\\/\\\/i0.wp.com\\\/crouchrarebooks.com\\\/wp-content\\\/uploads\\\/2025\\\/03\\\/17674_1H.jpg?fit=3500%2C2395&ssl=1\",\"contentUrl\":\"https:\\\/\\\/i0.wp.com\\\/crouchrarebooks.com\\\/wp-content\\\/uploads\\\/2025\\\/03\\\/17674_1H.jpg?fit=3500%2C2395&ssl=1\",\"width\":3500,\"height\":2395,\"caption\":\"PTOLEMAEUS, Claudius; translated by ANGELUS, Jacobus, and edited by Nicolaus GERMANUS Cosmographia.\"},{\"@type\":\"BreadcrumbList\",\"@id\":\"https:\\\/\\\/crouchrarebooks.com\\\/browse\\\/the-world-columbus-knew-ptolemys-second-projection-and-the-first-map-signed-by-its-author\\\/#breadcrumb\",\"itemListElement\":[{\"@type\":\"ListItem\",\"position\":1,\"name\":\"Home\",\"item\":\"https:\\\/\\\/crouchrarebooks.com\\\/zh-hans\\\/\"},{\"@type\":\"ListItem\",\"position\":2,\"name\":\"shop\",\"item\":\"https:\\\/\\\/crouchrarebooks.com\\\/shop\\\/\"},{\"@type\":\"ListItem\",\"position\":3,\"name\":\"The world Columbus knew \u2013 Ptolemy\u2019s Second Projection, and the first map signed by its author\"}]},{\"@type\":\"WebSite\",\"@id\":\"https:\\\/\\\/crouchrarebooks.com\\\/#website\",\"url\":\"https:\\\/\\\/crouchrarebooks.com\\\/\",\"name\":\"Daniel Crouch Rare Books\",\"description\":\"Rare Maps, Vintage Maps, Antique Maps, Rare Atlases, Rare Books\",\"potentialAction\":[{\"@type\":\"SearchAction\",\"target\":{\"@type\":\"EntryPoint\",\"urlTemplate\":\"https:\\\/\\\/crouchrarebooks.com\\\/?s={search_term_string}\"},\"query-input\":{\"@type\":\"PropertyValueSpecification\",\"valueRequired\":true,\"valueName\":\"search_term_string\"}}],\"inLanguage\":\"zh-Hans\"}]}<\/script>\n<!-- \/ Yoast SEO Premium plugin. -->","yoast_head_json":{"title":"The world Columbus knew \u2013 Ptolemy\u2019s Second Projection, and the first map signed by its author - Daniel Crouch Rare Books","robots":{"index":"index","follow":"follow","max-snippet":"max-snippet:-1","max-image-preview":"max-image-preview:large","max-video-preview":"max-video-preview:-1"},"canonical":"https:\/\/crouchrarebooks.com\/browse\/the-world-columbus-knew-ptolemys-second-projection-and-the-first-map-signed-by-its-author\/","og_locale":"zh_CN","og_type":"article","og_title":"The world Columbus knew \u2013 Ptolemy\u2019s Second Projection, and the first map signed by its author","og_description":"By PTOLEMAEUS, Claudius; translated by ANGELUS, Jacobus, and edited by Nicolaus GERMANUS, 16 July 1482.","og_url":"https:\/\/crouchrarebooks.com\/browse\/the-world-columbus-knew-ptolemys-second-projection-and-the-first-map-signed-by-its-author\/","og_site_name":"Daniel Crouch Rare Books","article_modified_time":"2026-04-14T21:03:09+00:00","og_image":[{"width":3500,"height":2395,"url":"https:\/\/crouchrarebooks.com\/wp-content\/uploads\/2025\/03\/17674_1H.jpg","type":"image\/jpeg"}],"twitter_card":"summary_large_image","twitter_misc":{"\u9884\u8ba1\u9605\u8bfb\u65f6\u95f4":"1 \u5206"},"schema":{"@context":"https:\/\/schema.org","@graph":[{"@type":"WebPage","@id":"https:\/\/crouchrarebooks.com\/browse\/the-world-columbus-knew-ptolemys-second-projection-and-the-first-map-signed-by-its-author\/","url":"https:\/\/crouchrarebooks.com\/browse\/the-world-columbus-knew-ptolemys-second-projection-and-the-first-map-signed-by-its-author\/","name":"The world Columbus knew \u2013 Ptolemy\u2019s Second Projection, and the first map signed by its author - Daniel Crouch Rare Books","isPartOf":{"@id":"https:\/\/crouchrarebooks.com\/#website"},"primaryImageOfPage":{"@id":"https:\/\/crouchrarebooks.com\/browse\/the-world-columbus-knew-ptolemys-second-projection-and-the-first-map-signed-by-its-author\/#primaryimage"},"image":{"@id":"https:\/\/crouchrarebooks.com\/browse\/the-world-columbus-knew-ptolemys-second-projection-and-the-first-map-signed-by-its-author\/#primaryimage"},"thumbnailUrl":"https:\/\/i0.wp.com\/crouchrarebooks.com\/wp-content\/uploads\/2025\/03\/17674_1H.jpg?fit=3500%2C2395&ssl=1","datePublished":"2024-05-29T00:22:10+00:00","dateModified":"2026-04-14T21:03:09+00:00","breadcrumb":{"@id":"https:\/\/crouchrarebooks.com\/browse\/the-world-columbus-knew-ptolemys-second-projection-and-the-first-map-signed-by-its-author\/#breadcrumb"},"inLanguage":"zh-Hans","potentialAction":[{"@type":"ReadAction","target":["https:\/\/crouchrarebooks.com\/browse\/the-world-columbus-knew-ptolemys-second-projection-and-the-first-map-signed-by-its-author\/"]}]},{"@type":"ImageObject","inLanguage":"zh-Hans","@id":"https:\/\/crouchrarebooks.com\/browse\/the-world-columbus-knew-ptolemys-second-projection-and-the-first-map-signed-by-its-author\/#primaryimage","url":"https:\/\/i0.wp.com\/crouchrarebooks.com\/wp-content\/uploads\/2025\/03\/17674_1H.jpg?fit=3500%2C2395&ssl=1","contentUrl":"https:\/\/i0.wp.com\/crouchrarebooks.com\/wp-content\/uploads\/2025\/03\/17674_1H.jpg?fit=3500%2C2395&ssl=1","width":3500,"height":2395,"caption":"PTOLEMAEUS, Claudius; translated by ANGELUS, Jacobus, and edited by Nicolaus GERMANUS Cosmographia."},{"@type":"BreadcrumbList","@id":"https:\/\/crouchrarebooks.com\/browse\/the-world-columbus-knew-ptolemys-second-projection-and-the-first-map-signed-by-its-author\/#breadcrumb","itemListElement":[{"@type":"ListItem","position":1,"name":"Home","item":"https:\/\/crouchrarebooks.com\/zh-hans\/"},{"@type":"ListItem","position":2,"name":"shop","item":"https:\/\/crouchrarebooks.com\/shop\/"},{"@type":"ListItem","position":3,"name":"The world Columbus knew \u2013 Ptolemy\u2019s Second Projection, and the first map signed by its author"}]},{"@type":"WebSite","@id":"https:\/\/crouchrarebooks.com\/#website","url":"https:\/\/crouchrarebooks.com\/","name":"Daniel Crouch Rare Books","description":"Rare Maps, Vintage Maps, Antique Maps, Rare Atlases, Rare Books","potentialAction":[{"@type":"SearchAction","target":{"@type":"EntryPoint","urlTemplate":"https:\/\/crouchrarebooks.com\/?s={search_term_string}"},"query-input":{"@type":"PropertyValueSpecification","valueRequired":true,"valueName":"search_term_string"}}],"inLanguage":"zh-Hans"}]}},"jetpack_sharing_enabled":true,"_links":{"self":[{"href":"https:\/\/crouchrarebooks.com\/zh-hans\/wp-json\/wp\/v2\/product\/29676","targetHints":{"allow":["GET"]}}],"collection":[{"href":"https:\/\/crouchrarebooks.com\/zh-hans\/wp-json\/wp\/v2\/product"}],"about":[{"href":"https:\/\/crouchrarebooks.com\/zh-hans\/wp-json\/wp\/v2\/types\/product"}],"wp:featuredmedia":[{"embeddable":true,"href":"https:\/\/crouchrarebooks.com\/zh-hans\/wp-json\/wp\/v2\/media\/29677"}],"wp:attachment":[{"href":"https:\/\/crouchrarebooks.com\/zh-hans\/wp-json\/wp\/v2\/media?parent=29676"}],"wp:term":[{"taxonomy":"product_brand","embeddable":true,"href":"https:\/\/crouchrarebooks.com\/zh-hans\/wp-json\/wp\/v2\/product_brand?post=29676"},{"taxonomy":"product_cat","embeddable":true,"href":"https:\/\/crouchrarebooks.com\/zh-hans\/wp-json\/wp\/v2\/product_cat?post=29676"},{"taxonomy":"product_tag","embeddable":true,"href":"https:\/\/crouchrarebooks.com\/zh-hans\/wp-json\/wp\/v2\/product_tag?post=29676"},{"taxonomy":"product_campaign","embeddable":true,"href":"https:\/\/crouchrarebooks.com\/zh-hans\/wp-json\/wp\/v2\/product_campaign?post=29676"}],"curies":[{"name":"wp","href":"https:\/\/api.w.org\/{rel}","templated":true}]}}