{"id":26695,"date":"2024-08-27T12:15:59","date_gmt":"2024-08-27T12:15:59","guid":{"rendered":"https:\/\/crouchrarebooks.com\/browse\/the-end-of-slavery\/"},"modified":"2025-03-18T17:45:58","modified_gmt":"2025-03-18T17:45:58","slug":"the-end-of-slavery","status":"publish","type":"product","link":"https:\/\/crouchrarebooks.com\/zh-hans\/browse\/the-end-of-slavery\/","title":{"rendered":"The End of Slavery?"},"content":{"rendered":"<p>Lithographed map, signed &#8220;Ch. J. Minard&#8221; in ink to title, mounted on linen.<\/p>","protected":false},"excerpt":{"rendered":"By MINARD, Charles Joseph, 1862","protected":false},"featured_media":26696,"template":"","meta":[],"product_brand":[409],"product_cat":[4953,833,588],"product_tag":[2864,1903],"product_campaign":[],"class_list":{"0":"post-26695","1":"product","2":"type-product","3":"status-publish","4":"has-post-thumbnail","6":"product_brand-rare-maps","7":"product_cat-all-stock","8":"product_cat-world","9":"product_cat-world-and-continents","10":"product_tag-minard","11":"product_tag-slavery","12":"subjects-maps","13":"subjects-world","14":"subjects-world-and-continents","15":"locations-world-world-and-continents-2","16":"locations-world-and-continents-2","18":"first","19":"outofstock","20":"sold-individually","21":"purchasable","22":"product-type-simple"},"yoast_head":"<!-- This site is optimized with the Yoast SEO Premium plugin v24.7 (Yoast SEO v27.4) - https:\/\/yoast.com\/product\/yoast-seo-premium-wordpress\/ -->\n<title>The End of Slavery? - Daniel Crouch Rare Books<\/title>\n<meta name=\"robots\" content=\"index, follow, max-snippet:-1, max-image-preview:large, max-video-preview:-1\" \/>\n<link rel=\"canonical\" href=\"https:\/\/crouchrarebooks.com\/browse\/the-end-of-slavery\/\" \/>\n<meta property=\"og:locale\" content=\"zh_CN\" \/>\n<meta property=\"og:type\" content=\"article\" \/>\n<meta property=\"og:title\" content=\"The End of Slavery?\" \/>\n<meta property=\"og:description\" content=\"By MINARD, Charles Joseph, 1862\" \/>\n<meta property=\"og:url\" content=\"https:\/\/crouchrarebooks.com\/browse\/the-end-of-slavery\/\" \/>\n<meta property=\"og:site_name\" content=\"Daniel Crouch Rare Books\" \/>\n<meta property=\"article:modified_time\" content=\"2025-03-18T17:45:58+00:00\" \/>\n<meta property=\"og:image\" content=\"https:\/\/crouchrarebooks.com\/wp-content\/uploads\/2025\/03\/14871_1H.jpg\" \/>\n\t<meta property=\"og:image:width\" content=\"4653\" \/>\n\t<meta property=\"og:image:height\" content=\"3504\" \/>\n\t<meta property=\"og:image:type\" content=\"image\/jpeg\" \/>\n<meta name=\"twitter:card\" content=\"summary_large_image\" \/>\n<script type=\"application\/ld+json\" class=\"yoast-schema-graph\">{\"@context\":\"https:\\\/\\\/schema.org\",\"@graph\":[{\"@type\":\"WebPage\",\"@id\":\"https:\\\/\\\/crouchrarebooks.com\\\/browse\\\/the-end-of-slavery\\\/\",\"url\":\"https:\\\/\\\/crouchrarebooks.com\\\/browse\\\/the-end-of-slavery\\\/\",\"name\":\"The End of Slavery? - Daniel Crouch Rare Books\",\"isPartOf\":{\"@id\":\"https:\\\/\\\/crouchrarebooks.com\\\/#website\"},\"primaryImageOfPage\":{\"@id\":\"https:\\\/\\\/crouchrarebooks.com\\\/browse\\\/the-end-of-slavery\\\/#primaryimage\"},\"image\":{\"@id\":\"https:\\\/\\\/crouchrarebooks.com\\\/browse\\\/the-end-of-slavery\\\/#primaryimage\"},\"thumbnailUrl\":\"https:\\\/\\\/i0.wp.com\\\/crouchrarebooks.com\\\/wp-content\\\/uploads\\\/2025\\\/03\\\/14871_1H.jpg?fit=4653%2C3504&ssl=1\",\"datePublished\":\"2024-08-27T12:15:59+00:00\",\"dateModified\":\"2025-03-18T17:45:58+00:00\",\"breadcrumb\":{\"@id\":\"https:\\\/\\\/crouchrarebooks.com\\\/browse\\\/the-end-of-slavery\\\/#breadcrumb\"},\"inLanguage\":\"zh-Hans\",\"potentialAction\":[{\"@type\":\"ReadAction\",\"target\":[\"https:\\\/\\\/crouchrarebooks.com\\\/browse\\\/the-end-of-slavery\\\/\"]}]},{\"@type\":\"ImageObject\",\"inLanguage\":\"zh-Hans\",\"@id\":\"https:\\\/\\\/crouchrarebooks.com\\\/browse\\\/the-end-of-slavery\\\/#primaryimage\",\"url\":\"https:\\\/\\\/i0.wp.com\\\/crouchrarebooks.com\\\/wp-content\\\/uploads\\\/2025\\\/03\\\/14871_1H.jpg?fit=4653%2C3504&ssl=1\",\"contentUrl\":\"https:\\\/\\\/i0.wp.com\\\/crouchrarebooks.com\\\/wp-content\\\/uploads\\\/2025\\\/03\\\/14871_1H.jpg?fit=4653%2C3504&ssl=1\",\"width\":4653,\"height\":3504,\"caption\":\"MINARD, Charles Joseph Carte figurative et approximative repr\u00e9sentant pour l'ann\u00e9e 1858 les \u00e9migrants du globe.\"},{\"@type\":\"BreadcrumbList\",\"@id\":\"https:\\\/\\\/crouchrarebooks.com\\\/browse\\\/the-end-of-slavery\\\/#breadcrumb\",\"itemListElement\":[{\"@type\":\"ListItem\",\"position\":1,\"name\":\"Home\",\"item\":\"https:\\\/\\\/crouchrarebooks.com\\\/zh-hans\\\/\"},{\"@type\":\"ListItem\",\"position\":2,\"name\":\"shop\",\"item\":\"https:\\\/\\\/crouchrarebooks.com\\\/shop\\\/\"},{\"@type\":\"ListItem\",\"position\":3,\"name\":\"The End of Slavery?\"}]},{\"@type\":\"WebSite\",\"@id\":\"https:\\\/\\\/crouchrarebooks.com\\\/#website\",\"url\":\"https:\\\/\\\/crouchrarebooks.com\\\/\",\"name\":\"Daniel Crouch Rare Books\",\"description\":\"Rare Maps, Vintage Maps, Antique Maps, Rare Atlases, Rare Books\",\"potentialAction\":[{\"@type\":\"SearchAction\",\"target\":{\"@type\":\"EntryPoint\",\"urlTemplate\":\"https:\\\/\\\/crouchrarebooks.com\\\/?s={search_term_string}\"},\"query-input\":{\"@type\":\"PropertyValueSpecification\",\"valueRequired\":true,\"valueName\":\"search_term_string\"}}],\"inLanguage\":\"zh-Hans\"}]}<\/script>\n<!-- \/ Yoast SEO Premium plugin. -->","yoast_head_json":{"title":"The End of Slavery? - Daniel Crouch Rare Books","robots":{"index":"index","follow":"follow","max-snippet":"max-snippet:-1","max-image-preview":"max-image-preview:large","max-video-preview":"max-video-preview:-1"},"canonical":"https:\/\/crouchrarebooks.com\/browse\/the-end-of-slavery\/","og_locale":"zh_CN","og_type":"article","og_title":"The End of Slavery?","og_description":"By MINARD, Charles Joseph, 1862","og_url":"https:\/\/crouchrarebooks.com\/browse\/the-end-of-slavery\/","og_site_name":"Daniel Crouch Rare Books","article_modified_time":"2025-03-18T17:45:58+00:00","og_image":[{"width":4653,"height":3504,"url":"https:\/\/crouchrarebooks.com\/wp-content\/uploads\/2025\/03\/14871_1H.jpg","type":"image\/jpeg"}],"twitter_card":"summary_large_image","schema":{"@context":"https:\/\/schema.org","@graph":[{"@type":"WebPage","@id":"https:\/\/crouchrarebooks.com\/browse\/the-end-of-slavery\/","url":"https:\/\/crouchrarebooks.com\/browse\/the-end-of-slavery\/","name":"The End of Slavery? - Daniel Crouch Rare Books","isPartOf":{"@id":"https:\/\/crouchrarebooks.com\/#website"},"primaryImageOfPage":{"@id":"https:\/\/crouchrarebooks.com\/browse\/the-end-of-slavery\/#primaryimage"},"image":{"@id":"https:\/\/crouchrarebooks.com\/browse\/the-end-of-slavery\/#primaryimage"},"thumbnailUrl":"https:\/\/i0.wp.com\/crouchrarebooks.com\/wp-content\/uploads\/2025\/03\/14871_1H.jpg?fit=4653%2C3504&ssl=1","datePublished":"2024-08-27T12:15:59+00:00","dateModified":"2025-03-18T17:45:58+00:00","breadcrumb":{"@id":"https:\/\/crouchrarebooks.com\/browse\/the-end-of-slavery\/#breadcrumb"},"inLanguage":"zh-Hans","potentialAction":[{"@type":"ReadAction","target":["https:\/\/crouchrarebooks.com\/browse\/the-end-of-slavery\/"]}]},{"@type":"ImageObject","inLanguage":"zh-Hans","@id":"https:\/\/crouchrarebooks.com\/browse\/the-end-of-slavery\/#primaryimage","url":"https:\/\/i0.wp.com\/crouchrarebooks.com\/wp-content\/uploads\/2025\/03\/14871_1H.jpg?fit=4653%2C3504&ssl=1","contentUrl":"https:\/\/i0.wp.com\/crouchrarebooks.com\/wp-content\/uploads\/2025\/03\/14871_1H.jpg?fit=4653%2C3504&ssl=1","width":4653,"height":3504,"caption":"MINARD, Charles Joseph Carte figurative et approximative repr\u00e9sentant pour l'ann\u00e9e 1858 les \u00e9migrants du globe."},{"@type":"BreadcrumbList","@id":"https:\/\/crouchrarebooks.com\/browse\/the-end-of-slavery\/#breadcrumb","itemListElement":[{"@type":"ListItem","position":1,"name":"Home","item":"https:\/\/crouchrarebooks.com\/zh-hans\/"},{"@type":"ListItem","position":2,"name":"shop","item":"https:\/\/crouchrarebooks.com\/shop\/"},{"@type":"ListItem","position":3,"name":"The End of Slavery?"}]},{"@type":"WebSite","@id":"https:\/\/crouchrarebooks.com\/#website","url":"https:\/\/crouchrarebooks.com\/","name":"Daniel Crouch Rare Books","description":"Rare Maps, Vintage Maps, Antique Maps, Rare Atlases, Rare Books","potentialAction":[{"@type":"SearchAction","target":{"@type":"EntryPoint","urlTemplate":"https:\/\/crouchrarebooks.com\/?s={search_term_string}"},"query-input":{"@type":"PropertyValueSpecification","valueRequired":true,"valueName":"search_term_string"}}],"inLanguage":"zh-Hans"}]}},"jetpack_sharing_enabled":true,"_links":{"self":[{"href":"https:\/\/crouchrarebooks.com\/zh-hans\/wp-json\/wp\/v2\/product\/26695","targetHints":{"allow":["GET"]}}],"collection":[{"href":"https:\/\/crouchrarebooks.com\/zh-hans\/wp-json\/wp\/v2\/product"}],"about":[{"href":"https:\/\/crouchrarebooks.com\/zh-hans\/wp-json\/wp\/v2\/types\/product"}],"wp:featuredmedia":[{"embeddable":true,"href":"https:\/\/crouchrarebooks.com\/zh-hans\/wp-json\/wp\/v2\/media\/26696"}],"wp:attachment":[{"href":"https:\/\/crouchrarebooks.com\/zh-hans\/wp-json\/wp\/v2\/media?parent=26695"}],"wp:term":[{"taxonomy":"product_brand","embeddable":true,"href":"https:\/\/crouchrarebooks.com\/zh-hans\/wp-json\/wp\/v2\/product_brand?post=26695"},{"taxonomy":"product_cat","embeddable":true,"href":"https:\/\/crouchrarebooks.com\/zh-hans\/wp-json\/wp\/v2\/product_cat?post=26695"},{"taxonomy":"product_tag","embeddable":true,"href":"https:\/\/crouchrarebooks.com\/zh-hans\/wp-json\/wp\/v2\/product_tag?post=26695"},{"taxonomy":"product_campaign","embeddable":true,"href":"https:\/\/crouchrarebooks.com\/zh-hans\/wp-json\/wp\/v2\/product_campaign?post=26695"}],"curies":[{"name":"wp","href":"https:\/\/api.w.org\/{rel}","templated":true}]}}