{"id":26527,"date":"2023-11-17T05:33:30","date_gmt":"2023-11-17T05:33:30","guid":{"rendered":"https:\/\/crouchrarebooks.com\/browse\/you-have-cost-me-more-territory-than-all-my-enemies-2\/"},"modified":"2026-02-16T08:43:38","modified_gmt":"2026-02-16T08:43:38","slug":"you-have-cost-me-more-territory-than-all-my-enemies-2","status":"publish","type":"product","link":"https:\/\/crouchrarebooks.com\/zh-hans\/browse\/you-have-cost-me-more-territory-than-all-my-enemies-2\/","title":{"rendered":"\u201cYou have cost me more territory than all my enemies!\u201d"},"content":{"rendered":"<p>8vo (195 by 112mm). 184 mapsheets (each approximately 565 by 885mm), dissected and mounted on linen, 50mm tear to 3 maps, small (10 by 5mm) hole in sheet 99, 14 maps with some glue residue, 7 with very slight discolouration, one of the two key maps torn at folds, edged in blue silk, housed within 183 contemporary mottled sheepskin cases, gilt.<br \/><br \/>Collation: 182 mapsheets which, if joined, would comprise an approximately 11 metre square map of France together with two key maps; &#8216;Carte g\u00e9n\u00e9rale de la France par D\u00e9partemens Servant \u00e0 l&#8217;Assemblage des 182 feuilles&#8230;&#8217; and &#8216;la Nouvelle carte qui comprend les principaux Triangles qui servent de Fondement \u00e0 la Description g\u00e9om\u00e9trique de La France&#8217; (1744). 3 of the smaller maps have been trimmed and mounted to the neighbouring sheets. Namely: sheet 125 (Cherbourg) is attached to sheet 93 (La Houghue), sheet 160 (Noirmoutiers) is attached to sheet 131 (Nantes), and sheet 182 (Camarat) is on sheet 155 (Toulon).<\/p>","protected":false},"excerpt":{"rendered":"By CASSINI de THURY, Cesar Fran\u00e7ois, [1678-1815].","protected":false},"featured_media":26528,"template":"","meta":[],"product_brand":[409],"product_cat":[4953,578,1047,5856],"product_tag":[1049,911],"product_campaign":[],"class_list":{"0":"post-26527","1":"product","2":"type-product","3":"status-publish","4":"has-post-thumbnail","6":"product_brand-rare-maps","7":"product_cat-all-stock","8":"product_cat-europe","9":"product_cat-france","10":"product_cat-sale40","11":"product_tag-cassini","12":"product_tag-france","13":"subjects-europe-3","14":"subjects-europe","15":"subjects-france","16":"subjects-france-europe-3","17":"subjects-maps","18":"locations-europe-2","19":"locations-france-europe-2","21":"first","22":"instock","23":"sold-individually","24":"purchasable","25":"product-type-simple"},"yoast_head":"<!-- This site is optimized with the Yoast SEO Premium plugin v24.7 (Yoast SEO v27.4) - https:\/\/yoast.com\/product\/yoast-seo-premium-wordpress\/ -->\n<title>\u201cYou have cost me more territory than all my enemies!\u201d - Daniel Crouch Rare Books<\/title>\n<meta name=\"robots\" content=\"index, follow, max-snippet:-1, max-image-preview:large, max-video-preview:-1\" \/>\n<link rel=\"canonical\" href=\"https:\/\/crouchrarebooks.com\/browse\/you-have-cost-me-more-territory-than-all-my-enemies-2\/\" \/>\n<meta property=\"og:locale\" content=\"zh_CN\" \/>\n<meta property=\"og:type\" content=\"article\" \/>\n<meta property=\"og:title\" content=\"\u201cYou have cost me more territory than all my enemies!\u201d\" \/>\n<meta property=\"og:description\" content=\"By CASSINI de THURY, Cesar Fran\u00e7ois, [1678-1815].\" \/>\n<meta property=\"og:url\" content=\"https:\/\/crouchrarebooks.com\/browse\/you-have-cost-me-more-territory-than-all-my-enemies-2\/\" \/>\n<meta property=\"og:site_name\" content=\"Daniel Crouch Rare Books\" \/>\n<meta property=\"article:modified_time\" content=\"2026-02-16T08:43:38+00:00\" \/>\n<meta property=\"og:image\" content=\"https:\/\/crouchrarebooks.com\/wp-content\/uploads\/2025\/03\/14723_1H.jpg\" \/>\n\t<meta property=\"og:image:width\" content=\"1700\" \/>\n\t<meta property=\"og:image:height\" content=\"533\" \/>\n\t<meta property=\"og:image:type\" content=\"image\/jpeg\" \/>\n<meta name=\"twitter:card\" content=\"summary_large_image\" \/>\n<meta name=\"twitter:label1\" content=\"\u9884\u8ba1\u9605\u8bfb\u65f6\u95f4\" \/>\n\t<meta name=\"twitter:data1\" content=\"1 \u5206\" \/>\n<script type=\"application\/ld+json\" class=\"yoast-schema-graph\">{\"@context\":\"https:\\\/\\\/schema.org\",\"@graph\":[{\"@type\":\"WebPage\",\"@id\":\"https:\\\/\\\/crouchrarebooks.com\\\/browse\\\/you-have-cost-me-more-territory-than-all-my-enemies-2\\\/\",\"url\":\"https:\\\/\\\/crouchrarebooks.com\\\/browse\\\/you-have-cost-me-more-territory-than-all-my-enemies-2\\\/\",\"name\":\"\u201cYou have cost me more territory than all my enemies!\u201d - Daniel Crouch Rare Books\",\"isPartOf\":{\"@id\":\"https:\\\/\\\/crouchrarebooks.com\\\/#website\"},\"primaryImageOfPage\":{\"@id\":\"https:\\\/\\\/crouchrarebooks.com\\\/browse\\\/you-have-cost-me-more-territory-than-all-my-enemies-2\\\/#primaryimage\"},\"image\":{\"@id\":\"https:\\\/\\\/crouchrarebooks.com\\\/browse\\\/you-have-cost-me-more-territory-than-all-my-enemies-2\\\/#primaryimage\"},\"thumbnailUrl\":\"https:\\\/\\\/i0.wp.com\\\/crouchrarebooks.com\\\/wp-content\\\/uploads\\\/2025\\\/03\\\/14723_1H.jpg?fit=1700%2C533&ssl=1\",\"datePublished\":\"2023-11-17T05:33:30+00:00\",\"dateModified\":\"2026-02-16T08:43:38+00:00\",\"breadcrumb\":{\"@id\":\"https:\\\/\\\/crouchrarebooks.com\\\/browse\\\/you-have-cost-me-more-territory-than-all-my-enemies-2\\\/#breadcrumb\"},\"inLanguage\":\"zh-Hans\",\"potentialAction\":[{\"@type\":\"ReadAction\",\"target\":[\"https:\\\/\\\/crouchrarebooks.com\\\/browse\\\/you-have-cost-me-more-territory-than-all-my-enemies-2\\\/\"]}]},{\"@type\":\"ImageObject\",\"inLanguage\":\"zh-Hans\",\"@id\":\"https:\\\/\\\/crouchrarebooks.com\\\/browse\\\/you-have-cost-me-more-territory-than-all-my-enemies-2\\\/#primaryimage\",\"url\":\"https:\\\/\\\/i0.wp.com\\\/crouchrarebooks.com\\\/wp-content\\\/uploads\\\/2025\\\/03\\\/14723_1H.jpg?fit=1700%2C533&ssl=1\",\"contentUrl\":\"https:\\\/\\\/i0.wp.com\\\/crouchrarebooks.com\\\/wp-content\\\/uploads\\\/2025\\\/03\\\/14723_1H.jpg?fit=1700%2C533&ssl=1\",\"width\":1700,\"height\":533,\"caption\":\"CASSINI de THURY, Cesar Fran\u00e7ois Carte de France dite Carte de Cassini...\"},{\"@type\":\"BreadcrumbList\",\"@id\":\"https:\\\/\\\/crouchrarebooks.com\\\/browse\\\/you-have-cost-me-more-territory-than-all-my-enemies-2\\\/#breadcrumb\",\"itemListElement\":[{\"@type\":\"ListItem\",\"position\":1,\"name\":\"Home\",\"item\":\"https:\\\/\\\/crouchrarebooks.com\\\/zh-hans\\\/\"},{\"@type\":\"ListItem\",\"position\":2,\"name\":\"shop\",\"item\":\"https:\\\/\\\/crouchrarebooks.com\\\/shop\\\/\"},{\"@type\":\"ListItem\",\"position\":3,\"name\":\"\u201cYou have cost me more territory than all my enemies!\u201d\"}]},{\"@type\":\"WebSite\",\"@id\":\"https:\\\/\\\/crouchrarebooks.com\\\/#website\",\"url\":\"https:\\\/\\\/crouchrarebooks.com\\\/\",\"name\":\"Daniel Crouch Rare Books\",\"description\":\"Rare Maps, Vintage Maps, Antique Maps, Rare Atlases, Rare Books\",\"potentialAction\":[{\"@type\":\"SearchAction\",\"target\":{\"@type\":\"EntryPoint\",\"urlTemplate\":\"https:\\\/\\\/crouchrarebooks.com\\\/?s={search_term_string}\"},\"query-input\":{\"@type\":\"PropertyValueSpecification\",\"valueRequired\":true,\"valueName\":\"search_term_string\"}}],\"inLanguage\":\"zh-Hans\"}]}<\/script>\n<!-- \/ Yoast SEO Premium plugin. -->","yoast_head_json":{"title":"\u201cYou have cost me more territory than all my enemies!\u201d - Daniel Crouch Rare Books","robots":{"index":"index","follow":"follow","max-snippet":"max-snippet:-1","max-image-preview":"max-image-preview:large","max-video-preview":"max-video-preview:-1"},"canonical":"https:\/\/crouchrarebooks.com\/browse\/you-have-cost-me-more-territory-than-all-my-enemies-2\/","og_locale":"zh_CN","og_type":"article","og_title":"\u201cYou have cost me more territory than all my enemies!\u201d","og_description":"By CASSINI de THURY, Cesar Fran\u00e7ois, [1678-1815].","og_url":"https:\/\/crouchrarebooks.com\/browse\/you-have-cost-me-more-territory-than-all-my-enemies-2\/","og_site_name":"Daniel Crouch Rare Books","article_modified_time":"2026-02-16T08:43:38+00:00","og_image":[{"width":1700,"height":533,"url":"https:\/\/crouchrarebooks.com\/wp-content\/uploads\/2025\/03\/14723_1H.jpg","type":"image\/jpeg"}],"twitter_card":"summary_large_image","twitter_misc":{"\u9884\u8ba1\u9605\u8bfb\u65f6\u95f4":"1 \u5206"},"schema":{"@context":"https:\/\/schema.org","@graph":[{"@type":"WebPage","@id":"https:\/\/crouchrarebooks.com\/browse\/you-have-cost-me-more-territory-than-all-my-enemies-2\/","url":"https:\/\/crouchrarebooks.com\/browse\/you-have-cost-me-more-territory-than-all-my-enemies-2\/","name":"\u201cYou have cost me more territory than all my enemies!\u201d - Daniel Crouch Rare Books","isPartOf":{"@id":"https:\/\/crouchrarebooks.com\/#website"},"primaryImageOfPage":{"@id":"https:\/\/crouchrarebooks.com\/browse\/you-have-cost-me-more-territory-than-all-my-enemies-2\/#primaryimage"},"image":{"@id":"https:\/\/crouchrarebooks.com\/browse\/you-have-cost-me-more-territory-than-all-my-enemies-2\/#primaryimage"},"thumbnailUrl":"https:\/\/i0.wp.com\/crouchrarebooks.com\/wp-content\/uploads\/2025\/03\/14723_1H.jpg?fit=1700%2C533&ssl=1","datePublished":"2023-11-17T05:33:30+00:00","dateModified":"2026-02-16T08:43:38+00:00","breadcrumb":{"@id":"https:\/\/crouchrarebooks.com\/browse\/you-have-cost-me-more-territory-than-all-my-enemies-2\/#breadcrumb"},"inLanguage":"zh-Hans","potentialAction":[{"@type":"ReadAction","target":["https:\/\/crouchrarebooks.com\/browse\/you-have-cost-me-more-territory-than-all-my-enemies-2\/"]}]},{"@type":"ImageObject","inLanguage":"zh-Hans","@id":"https:\/\/crouchrarebooks.com\/browse\/you-have-cost-me-more-territory-than-all-my-enemies-2\/#primaryimage","url":"https:\/\/i0.wp.com\/crouchrarebooks.com\/wp-content\/uploads\/2025\/03\/14723_1H.jpg?fit=1700%2C533&ssl=1","contentUrl":"https:\/\/i0.wp.com\/crouchrarebooks.com\/wp-content\/uploads\/2025\/03\/14723_1H.jpg?fit=1700%2C533&ssl=1","width":1700,"height":533,"caption":"CASSINI de THURY, Cesar Fran\u00e7ois Carte de France dite Carte de Cassini..."},{"@type":"BreadcrumbList","@id":"https:\/\/crouchrarebooks.com\/browse\/you-have-cost-me-more-territory-than-all-my-enemies-2\/#breadcrumb","itemListElement":[{"@type":"ListItem","position":1,"name":"Home","item":"https:\/\/crouchrarebooks.com\/zh-hans\/"},{"@type":"ListItem","position":2,"name":"shop","item":"https:\/\/crouchrarebooks.com\/shop\/"},{"@type":"ListItem","position":3,"name":"\u201cYou have cost me more territory than all my enemies!\u201d"}]},{"@type":"WebSite","@id":"https:\/\/crouchrarebooks.com\/#website","url":"https:\/\/crouchrarebooks.com\/","name":"Daniel Crouch Rare Books","description":"Rare Maps, Vintage Maps, Antique Maps, Rare Atlases, Rare Books","potentialAction":[{"@type":"SearchAction","target":{"@type":"EntryPoint","urlTemplate":"https:\/\/crouchrarebooks.com\/?s={search_term_string}"},"query-input":{"@type":"PropertyValueSpecification","valueRequired":true,"valueName":"search_term_string"}}],"inLanguage":"zh-Hans"}]}},"jetpack_sharing_enabled":true,"_links":{"self":[{"href":"https:\/\/crouchrarebooks.com\/zh-hans\/wp-json\/wp\/v2\/product\/26527","targetHints":{"allow":["GET"]}}],"collection":[{"href":"https:\/\/crouchrarebooks.com\/zh-hans\/wp-json\/wp\/v2\/product"}],"about":[{"href":"https:\/\/crouchrarebooks.com\/zh-hans\/wp-json\/wp\/v2\/types\/product"}],"wp:featuredmedia":[{"embeddable":true,"href":"https:\/\/crouchrarebooks.com\/zh-hans\/wp-json\/wp\/v2\/media\/26528"}],"wp:attachment":[{"href":"https:\/\/crouchrarebooks.com\/zh-hans\/wp-json\/wp\/v2\/media?parent=26527"}],"wp:term":[{"taxonomy":"product_brand","embeddable":true,"href":"https:\/\/crouchrarebooks.com\/zh-hans\/wp-json\/wp\/v2\/product_brand?post=26527"},{"taxonomy":"product_cat","embeddable":true,"href":"https:\/\/crouchrarebooks.com\/zh-hans\/wp-json\/wp\/v2\/product_cat?post=26527"},{"taxonomy":"product_tag","embeddable":true,"href":"https:\/\/crouchrarebooks.com\/zh-hans\/wp-json\/wp\/v2\/product_tag?post=26527"},{"taxonomy":"product_campaign","embeddable":true,"href":"https:\/\/crouchrarebooks.com\/zh-hans\/wp-json\/wp\/v2\/product_campaign?post=26527"}],"curies":[{"name":"wp","href":"https:\/\/api.w.org\/{rel}","templated":true}]}}