{"id":24235,"date":"2024-10-14T18:46:55","date_gmt":"2024-10-14T18:46:55","guid":{"rendered":"https:\/\/crouchrarebooks.com\/browse\/rochambeau-family-maps-of-north-america\/"},"modified":"2026-04-17T12:09:48","modified_gmt":"2026-04-17T12:09:48","slug":"rochambeau-family-maps-of-north-america","status":"publish","type":"product","link":"https:\/\/crouchrarebooks.com\/zh-hans\/browse\/rochambeau-family-maps-of-north-america\/","title":{"rendered":"Rochambeau family maps of North America"},"content":{"rendered":"<p>Three engraved maps (465 by 420 mm, 550 by 340 mm and 530 by 350 mm respectively), with fine contemporary hand-colour in full, old folds.<\/p>","protected":false},"excerpt":{"rendered":"By ROCHEFOUCAULD-LIANCOURT, Fran\u00e7ois Alexandre Fr\u00e9d\u00e9ric, duc de la; Abraham BRADLEY (1767-1838), 1799.","protected":false},"featured_media":24236,"template":"","meta":[],"product_brand":[409],"product_cat":[1090,4953,1091,5856],"product_tag":[5879,6034,5940,6061,6005,6026,617,2268,3399,2438,419,5666,1282],"product_campaign":[],"class_list":{"0":"post-24235","1":"product","2":"type-product","3":"status-publish","4":"has-post-thumbnail","6":"product_brand-rare-maps","7":"product_cat-america","8":"product_cat-all-stock","9":"product_cat-north-america","10":"product_cat-sale40","11":"product_tag-5879","12":"product_tag-6034","13":"product_tag-5940","14":"product_tag-6061","15":"product_tag-6005","16":"product_tag-6026","17":"product_tag-america","18":"product_tag-map","19":"product_tag-marquis-de-lafayette","20":"product_tag-rare","21":"product_tag-rare-map","22":"product_tag-rare-maps-of-the-americas","23":"product_tag-united-states","24":"subjects-america","25":"subjects-america-3","26":"subjects-maps","27":"subjects-north-america-america-3","28":"subjects-north-america","29":"locations-america-2","30":"locations-north-america-america-2","32":"first","33":"instock","34":"sold-individually","35":"purchasable","36":"product-type-simple"},"yoast_head":"<!-- This site is optimized with the Yoast SEO Premium plugin v24.7 (Yoast SEO v27.4) - https:\/\/yoast.com\/product\/yoast-seo-premium-wordpress\/ -->\n<title>Rochambeau family maps of North America - Daniel Crouch Rare Books<\/title>\n<meta name=\"robots\" content=\"index, follow, max-snippet:-1, max-image-preview:large, max-video-preview:-1\" \/>\n<link rel=\"canonical\" href=\"https:\/\/crouchrarebooks.com\/browse\/rochambeau-family-maps-of-north-america\/\" \/>\n<meta property=\"og:locale\" content=\"zh_CN\" \/>\n<meta property=\"og:type\" content=\"article\" \/>\n<meta property=\"og:title\" content=\"Rochambeau family maps of North America\" \/>\n<meta property=\"og:description\" content=\"By ROCHEFOUCAULD-LIANCOURT, Fran\u00e7ois Alexandre Fr\u00e9d\u00e9ric, duc de la; Abraham BRADLEY (1767-1838), 1799.\" \/>\n<meta property=\"og:url\" content=\"https:\/\/crouchrarebooks.com\/browse\/rochambeau-family-maps-of-north-america\/\" \/>\n<meta property=\"og:site_name\" content=\"Daniel Crouch Rare Books\" \/>\n<meta property=\"article:modified_time\" content=\"2026-04-17T12:09:48+00:00\" \/>\n<meta property=\"og:image\" content=\"https:\/\/crouchrarebooks.com\/wp-content\/uploads\/2025\/03\/12534_1H.jpg\" \/>\n\t<meta property=\"og:image:width\" content=\"3500\" \/>\n\t<meta property=\"og:image:height\" content=\"2200\" \/>\n\t<meta property=\"og:image:type\" content=\"image\/jpeg\" \/>\n<meta name=\"twitter:card\" content=\"summary_large_image\" \/>\n<script type=\"application\/ld+json\" class=\"yoast-schema-graph\">{\"@context\":\"https:\\\/\\\/schema.org\",\"@graph\":[{\"@type\":\"WebPage\",\"@id\":\"https:\\\/\\\/crouchrarebooks.com\\\/browse\\\/rochambeau-family-maps-of-north-america\\\/\",\"url\":\"https:\\\/\\\/crouchrarebooks.com\\\/browse\\\/rochambeau-family-maps-of-north-america\\\/\",\"name\":\"Rochambeau family maps of North America - Daniel Crouch Rare Books\",\"isPartOf\":{\"@id\":\"https:\\\/\\\/crouchrarebooks.com\\\/#website\"},\"primaryImageOfPage\":{\"@id\":\"https:\\\/\\\/crouchrarebooks.com\\\/browse\\\/rochambeau-family-maps-of-north-america\\\/#primaryimage\"},\"image\":{\"@id\":\"https:\\\/\\\/crouchrarebooks.com\\\/browse\\\/rochambeau-family-maps-of-north-america\\\/#primaryimage\"},\"thumbnailUrl\":\"https:\\\/\\\/i0.wp.com\\\/crouchrarebooks.com\\\/wp-content\\\/uploads\\\/2025\\\/03\\\/12534_1H.jpg?fit=3500%2C2200&ssl=1\",\"datePublished\":\"2024-10-14T18:46:55+00:00\",\"dateModified\":\"2026-04-17T12:09:48+00:00\",\"breadcrumb\":{\"@id\":\"https:\\\/\\\/crouchrarebooks.com\\\/browse\\\/rochambeau-family-maps-of-north-america\\\/#breadcrumb\"},\"inLanguage\":\"zh-Hans\",\"potentialAction\":[{\"@type\":\"ReadAction\",\"target\":[\"https:\\\/\\\/crouchrarebooks.com\\\/browse\\\/rochambeau-family-maps-of-north-america\\\/\"]}]},{\"@type\":\"ImageObject\",\"inLanguage\":\"zh-Hans\",\"@id\":\"https:\\\/\\\/crouchrarebooks.com\\\/browse\\\/rochambeau-family-maps-of-north-america\\\/#primaryimage\",\"url\":\"https:\\\/\\\/i0.wp.com\\\/crouchrarebooks.com\\\/wp-content\\\/uploads\\\/2025\\\/03\\\/12534_1H.jpg?fit=3500%2C2200&ssl=1\",\"contentUrl\":\"https:\\\/\\\/i0.wp.com\\\/crouchrarebooks.com\\\/wp-content\\\/uploads\\\/2025\\\/03\\\/12534_1H.jpg?fit=3500%2C2200&ssl=1\",\"width\":3500,\"height\":2200,\"caption\":\"ROCHEFOUCAULD-LIANCOURT, Fran\u00e7ois Alexandre Fr\u00e9d\u00e9ric, duc de la; Abraham BRADLEY (1767-1838) Carte g\u00e9n\u00e9rale des \u00c9tats-Unis de l'Am\u00e9rique Septentrionale, divis\u00e9e en ses 17 provinces; Carte des \u00c9tats-Unis, provinces Septentrionales; Carte des \u00c9tats-Unis, Provinces m\u00e9ridionales.\"},{\"@type\":\"BreadcrumbList\",\"@id\":\"https:\\\/\\\/crouchrarebooks.com\\\/browse\\\/rochambeau-family-maps-of-north-america\\\/#breadcrumb\",\"itemListElement\":[{\"@type\":\"ListItem\",\"position\":1,\"name\":\"Home\",\"item\":\"https:\\\/\\\/crouchrarebooks.com\\\/zh-hans\\\/\"},{\"@type\":\"ListItem\",\"position\":2,\"name\":\"shop\",\"item\":\"https:\\\/\\\/crouchrarebooks.com\\\/shop\\\/\"},{\"@type\":\"ListItem\",\"position\":3,\"name\":\"Rochambeau family maps of North America\"}]},{\"@type\":\"WebSite\",\"@id\":\"https:\\\/\\\/crouchrarebooks.com\\\/#website\",\"url\":\"https:\\\/\\\/crouchrarebooks.com\\\/\",\"name\":\"Daniel Crouch Rare Books\",\"description\":\"Rare Maps, Vintage Maps, Antique Maps, Rare Atlases, Rare Books\",\"potentialAction\":[{\"@type\":\"SearchAction\",\"target\":{\"@type\":\"EntryPoint\",\"urlTemplate\":\"https:\\\/\\\/crouchrarebooks.com\\\/?s={search_term_string}\"},\"query-input\":{\"@type\":\"PropertyValueSpecification\",\"valueRequired\":true,\"valueName\":\"search_term_string\"}}],\"inLanguage\":\"zh-Hans\"}]}<\/script>\n<!-- \/ Yoast SEO Premium plugin. -->","yoast_head_json":{"title":"Rochambeau family maps of North America - Daniel Crouch Rare Books","robots":{"index":"index","follow":"follow","max-snippet":"max-snippet:-1","max-image-preview":"max-image-preview:large","max-video-preview":"max-video-preview:-1"},"canonical":"https:\/\/crouchrarebooks.com\/browse\/rochambeau-family-maps-of-north-america\/","og_locale":"zh_CN","og_type":"article","og_title":"Rochambeau family maps of North America","og_description":"By ROCHEFOUCAULD-LIANCOURT, Fran\u00e7ois Alexandre Fr\u00e9d\u00e9ric, duc de la; Abraham BRADLEY (1767-1838), 1799.","og_url":"https:\/\/crouchrarebooks.com\/browse\/rochambeau-family-maps-of-north-america\/","og_site_name":"Daniel Crouch Rare Books","article_modified_time":"2026-04-17T12:09:48+00:00","og_image":[{"width":3500,"height":2200,"url":"https:\/\/crouchrarebooks.com\/wp-content\/uploads\/2025\/03\/12534_1H.jpg","type":"image\/jpeg"}],"twitter_card":"summary_large_image","schema":{"@context":"https:\/\/schema.org","@graph":[{"@type":"WebPage","@id":"https:\/\/crouchrarebooks.com\/browse\/rochambeau-family-maps-of-north-america\/","url":"https:\/\/crouchrarebooks.com\/browse\/rochambeau-family-maps-of-north-america\/","name":"Rochambeau family maps of North America - Daniel Crouch Rare Books","isPartOf":{"@id":"https:\/\/crouchrarebooks.com\/#website"},"primaryImageOfPage":{"@id":"https:\/\/crouchrarebooks.com\/browse\/rochambeau-family-maps-of-north-america\/#primaryimage"},"image":{"@id":"https:\/\/crouchrarebooks.com\/browse\/rochambeau-family-maps-of-north-america\/#primaryimage"},"thumbnailUrl":"https:\/\/i0.wp.com\/crouchrarebooks.com\/wp-content\/uploads\/2025\/03\/12534_1H.jpg?fit=3500%2C2200&ssl=1","datePublished":"2024-10-14T18:46:55+00:00","dateModified":"2026-04-17T12:09:48+00:00","breadcrumb":{"@id":"https:\/\/crouchrarebooks.com\/browse\/rochambeau-family-maps-of-north-america\/#breadcrumb"},"inLanguage":"zh-Hans","potentialAction":[{"@type":"ReadAction","target":["https:\/\/crouchrarebooks.com\/browse\/rochambeau-family-maps-of-north-america\/"]}]},{"@type":"ImageObject","inLanguage":"zh-Hans","@id":"https:\/\/crouchrarebooks.com\/browse\/rochambeau-family-maps-of-north-america\/#primaryimage","url":"https:\/\/i0.wp.com\/crouchrarebooks.com\/wp-content\/uploads\/2025\/03\/12534_1H.jpg?fit=3500%2C2200&ssl=1","contentUrl":"https:\/\/i0.wp.com\/crouchrarebooks.com\/wp-content\/uploads\/2025\/03\/12534_1H.jpg?fit=3500%2C2200&ssl=1","width":3500,"height":2200,"caption":"ROCHEFOUCAULD-LIANCOURT, Fran\u00e7ois Alexandre Fr\u00e9d\u00e9ric, duc de la; Abraham BRADLEY (1767-1838) Carte g\u00e9n\u00e9rale des \u00c9tats-Unis de l'Am\u00e9rique Septentrionale, divis\u00e9e en ses 17 provinces; Carte des \u00c9tats-Unis, provinces Septentrionales; Carte des \u00c9tats-Unis, Provinces m\u00e9ridionales."},{"@type":"BreadcrumbList","@id":"https:\/\/crouchrarebooks.com\/browse\/rochambeau-family-maps-of-north-america\/#breadcrumb","itemListElement":[{"@type":"ListItem","position":1,"name":"Home","item":"https:\/\/crouchrarebooks.com\/zh-hans\/"},{"@type":"ListItem","position":2,"name":"shop","item":"https:\/\/crouchrarebooks.com\/shop\/"},{"@type":"ListItem","position":3,"name":"Rochambeau family maps of North America"}]},{"@type":"WebSite","@id":"https:\/\/crouchrarebooks.com\/#website","url":"https:\/\/crouchrarebooks.com\/","name":"Daniel Crouch Rare Books","description":"Rare Maps, Vintage Maps, Antique Maps, Rare Atlases, Rare Books","potentialAction":[{"@type":"SearchAction","target":{"@type":"EntryPoint","urlTemplate":"https:\/\/crouchrarebooks.com\/?s={search_term_string}"},"query-input":{"@type":"PropertyValueSpecification","valueRequired":true,"valueName":"search_term_string"}}],"inLanguage":"zh-Hans"}]}},"jetpack_sharing_enabled":true,"_links":{"self":[{"href":"https:\/\/crouchrarebooks.com\/zh-hans\/wp-json\/wp\/v2\/product\/24235","targetHints":{"allow":["GET"]}}],"collection":[{"href":"https:\/\/crouchrarebooks.com\/zh-hans\/wp-json\/wp\/v2\/product"}],"about":[{"href":"https:\/\/crouchrarebooks.com\/zh-hans\/wp-json\/wp\/v2\/types\/product"}],"wp:featuredmedia":[{"embeddable":true,"href":"https:\/\/crouchrarebooks.com\/zh-hans\/wp-json\/wp\/v2\/media\/24236"}],"wp:attachment":[{"href":"https:\/\/crouchrarebooks.com\/zh-hans\/wp-json\/wp\/v2\/media?parent=24235"}],"wp:term":[{"taxonomy":"product_brand","embeddable":true,"href":"https:\/\/crouchrarebooks.com\/zh-hans\/wp-json\/wp\/v2\/product_brand?post=24235"},{"taxonomy":"product_cat","embeddable":true,"href":"https:\/\/crouchrarebooks.com\/zh-hans\/wp-json\/wp\/v2\/product_cat?post=24235"},{"taxonomy":"product_tag","embeddable":true,"href":"https:\/\/crouchrarebooks.com\/zh-hans\/wp-json\/wp\/v2\/product_tag?post=24235"},{"taxonomy":"product_campaign","embeddable":true,"href":"https:\/\/crouchrarebooks.com\/zh-hans\/wp-json\/wp\/v2\/product_campaign?post=24235"}],"curies":[{"name":"wp","href":"https:\/\/api.w.org\/{rel}","templated":true}]}}