{"id":22840,"date":"2024-08-09T10:18:44","date_gmt":"2024-08-09T10:18:44","guid":{"rendered":"https:\/\/crouchrarebooks.com\/browse\/the-first-epidemiological-maps\/"},"modified":"2025-03-18T17:35:37","modified_gmt":"2025-03-18T17:35:37","slug":"the-first-epidemiological-maps","status":"publish","type":"product","link":"https:\/\/crouchrarebooks.com\/zh-hans\/browse\/the-first-epidemiological-maps\/","title":{"rendered":"The first epidemiological maps"},"content":{"rendered":"<p>Marbled covers, brown leather spine in six segments separated by raised bands, title in gilt, marbled endpapers and pastedowns, five ribbon markers in green, red and black, 51 maps, seven folding.<\/p>","protected":false},"excerpt":{"rendered":"By PICQUET, Charles and CHATE\u00c2UNEUF, Louis-Fran\u00e7ois Benoiston de, 1834","protected":false},"featured_media":22841,"template":"","meta":[],"product_brand":[411],"product_cat":[4953,1222],"product_tag":[2261,420,3110,3111,1888,2260,419],"product_campaign":[],"class_list":{"0":"post-22840","1":"product","2":"type-product","3":"status-publish","4":"has-post-thumbnail","6":"product_brand-rare-books","7":"product_cat-all-stock","8":"product_cat-social-political","9":"product_tag-antique-book","10":"product_tag-antique-map","11":"product_tag-cholera","12":"product_tag-disease","13":"product_tag-paris","14":"product_tag-rare-book","15":"product_tag-rare-map","16":"subjects-social-political-3","18":"first","19":"outofstock","20":"sold-individually","21":"purchasable","22":"product-type-simple"},"yoast_head":"<!-- This site is optimized with the Yoast SEO Premium plugin v24.7 (Yoast SEO v27.3) - https:\/\/yoast.com\/product\/yoast-seo-premium-wordpress\/ -->\n<title>The first epidemiological maps - Daniel Crouch Rare Books<\/title>\n<meta name=\"robots\" content=\"index, follow, max-snippet:-1, max-image-preview:large, max-video-preview:-1\" \/>\n<link rel=\"canonical\" href=\"https:\/\/crouchrarebooks.com\/browse\/the-first-epidemiological-maps\/\" \/>\n<meta property=\"og:locale\" content=\"zh_CN\" \/>\n<meta property=\"og:type\" content=\"article\" \/>\n<meta property=\"og:title\" content=\"The first epidemiological maps\" \/>\n<meta property=\"og:description\" content=\"By PICQUET, Charles and CHATE\u00c2UNEUF, Louis-Fran\u00e7ois Benoiston de, 1834\" \/>\n<meta property=\"og:url\" content=\"https:\/\/crouchrarebooks.com\/browse\/the-first-epidemiological-maps\/\" \/>\n<meta property=\"og:site_name\" content=\"Daniel Crouch Rare Books\" \/>\n<meta property=\"article:modified_time\" content=\"2025-03-18T17:35:37+00:00\" \/>\n<meta property=\"og:image\" content=\"https:\/\/crouchrarebooks.com\/wp-content\/uploads\/2025\/03\/11896_1H.jpg\" \/>\n\t<meta property=\"og:image:width\" content=\"2197\" \/>\n\t<meta property=\"og:image:height\" content=\"2499\" \/>\n\t<meta property=\"og:image:type\" content=\"image\/jpeg\" \/>\n<meta name=\"twitter:card\" content=\"summary_large_image\" \/>\n<script type=\"application\/ld+json\" class=\"yoast-schema-graph\">{\"@context\":\"https:\\\/\\\/schema.org\",\"@graph\":[{\"@type\":\"WebPage\",\"@id\":\"https:\\\/\\\/crouchrarebooks.com\\\/browse\\\/the-first-epidemiological-maps\\\/\",\"url\":\"https:\\\/\\\/crouchrarebooks.com\\\/browse\\\/the-first-epidemiological-maps\\\/\",\"name\":\"The first epidemiological maps - Daniel Crouch Rare Books\",\"isPartOf\":{\"@id\":\"https:\\\/\\\/crouchrarebooks.com\\\/#website\"},\"primaryImageOfPage\":{\"@id\":\"https:\\\/\\\/crouchrarebooks.com\\\/browse\\\/the-first-epidemiological-maps\\\/#primaryimage\"},\"image\":{\"@id\":\"https:\\\/\\\/crouchrarebooks.com\\\/browse\\\/the-first-epidemiological-maps\\\/#primaryimage\"},\"thumbnailUrl\":\"https:\\\/\\\/i0.wp.com\\\/crouchrarebooks.com\\\/wp-content\\\/uploads\\\/2025\\\/03\\\/11896_1H.jpg?fit=2197%2C2499&ssl=1\",\"datePublished\":\"2024-08-09T10:18:44+00:00\",\"dateModified\":\"2025-03-18T17:35:37+00:00\",\"breadcrumb\":{\"@id\":\"https:\\\/\\\/crouchrarebooks.com\\\/browse\\\/the-first-epidemiological-maps\\\/#breadcrumb\"},\"inLanguage\":\"zh-Hans\",\"potentialAction\":[{\"@type\":\"ReadAction\",\"target\":[\"https:\\\/\\\/crouchrarebooks.com\\\/browse\\\/the-first-epidemiological-maps\\\/\"]}]},{\"@type\":\"ImageObject\",\"inLanguage\":\"zh-Hans\",\"@id\":\"https:\\\/\\\/crouchrarebooks.com\\\/browse\\\/the-first-epidemiological-maps\\\/#primaryimage\",\"url\":\"https:\\\/\\\/i0.wp.com\\\/crouchrarebooks.com\\\/wp-content\\\/uploads\\\/2025\\\/03\\\/11896_1H.jpg?fit=2197%2C2499&ssl=1\",\"contentUrl\":\"https:\\\/\\\/i0.wp.com\\\/crouchrarebooks.com\\\/wp-content\\\/uploads\\\/2025\\\/03\\\/11896_1H.jpg?fit=2197%2C2499&ssl=1\",\"width\":2197,\"height\":2499,\"caption\":\"PICQUET, Charles and CHATE\u00c2UNEUF, Louis-Fran\u00e7ois Benoiston de Rapport sur la marche et les effets du chol\u00e9ra-morbus\"},{\"@type\":\"BreadcrumbList\",\"@id\":\"https:\\\/\\\/crouchrarebooks.com\\\/browse\\\/the-first-epidemiological-maps\\\/#breadcrumb\",\"itemListElement\":[{\"@type\":\"ListItem\",\"position\":1,\"name\":\"Home\",\"item\":\"https:\\\/\\\/crouchrarebooks.com\\\/zh-hans\\\/\"},{\"@type\":\"ListItem\",\"position\":2,\"name\":\"shop\",\"item\":\"https:\\\/\\\/crouchrarebooks.com\\\/shop\\\/\"},{\"@type\":\"ListItem\",\"position\":3,\"name\":\"The first epidemiological maps\"}]},{\"@type\":\"WebSite\",\"@id\":\"https:\\\/\\\/crouchrarebooks.com\\\/#website\",\"url\":\"https:\\\/\\\/crouchrarebooks.com\\\/\",\"name\":\"Daniel Crouch Rare Books\",\"description\":\"Rare Maps, Vintage Maps, Antique Maps, Rare Atlases, Rare Books\",\"potentialAction\":[{\"@type\":\"SearchAction\",\"target\":{\"@type\":\"EntryPoint\",\"urlTemplate\":\"https:\\\/\\\/crouchrarebooks.com\\\/?s={search_term_string}\"},\"query-input\":{\"@type\":\"PropertyValueSpecification\",\"valueRequired\":true,\"valueName\":\"search_term_string\"}}],\"inLanguage\":\"zh-Hans\"}]}<\/script>\n<!-- \/ Yoast SEO Premium plugin. -->","yoast_head_json":{"title":"The first epidemiological maps - Daniel Crouch Rare Books","robots":{"index":"index","follow":"follow","max-snippet":"max-snippet:-1","max-image-preview":"max-image-preview:large","max-video-preview":"max-video-preview:-1"},"canonical":"https:\/\/crouchrarebooks.com\/browse\/the-first-epidemiological-maps\/","og_locale":"zh_CN","og_type":"article","og_title":"The first epidemiological maps","og_description":"By PICQUET, Charles and CHATE\u00c2UNEUF, Louis-Fran\u00e7ois Benoiston de, 1834","og_url":"https:\/\/crouchrarebooks.com\/browse\/the-first-epidemiological-maps\/","og_site_name":"Daniel Crouch Rare Books","article_modified_time":"2025-03-18T17:35:37+00:00","og_image":[{"width":2197,"height":2499,"url":"https:\/\/crouchrarebooks.com\/wp-content\/uploads\/2025\/03\/11896_1H.jpg","type":"image\/jpeg"}],"twitter_card":"summary_large_image","schema":{"@context":"https:\/\/schema.org","@graph":[{"@type":"WebPage","@id":"https:\/\/crouchrarebooks.com\/browse\/the-first-epidemiological-maps\/","url":"https:\/\/crouchrarebooks.com\/browse\/the-first-epidemiological-maps\/","name":"The first epidemiological maps - Daniel Crouch Rare Books","isPartOf":{"@id":"https:\/\/crouchrarebooks.com\/#website"},"primaryImageOfPage":{"@id":"https:\/\/crouchrarebooks.com\/browse\/the-first-epidemiological-maps\/#primaryimage"},"image":{"@id":"https:\/\/crouchrarebooks.com\/browse\/the-first-epidemiological-maps\/#primaryimage"},"thumbnailUrl":"https:\/\/i0.wp.com\/crouchrarebooks.com\/wp-content\/uploads\/2025\/03\/11896_1H.jpg?fit=2197%2C2499&ssl=1","datePublished":"2024-08-09T10:18:44+00:00","dateModified":"2025-03-18T17:35:37+00:00","breadcrumb":{"@id":"https:\/\/crouchrarebooks.com\/browse\/the-first-epidemiological-maps\/#breadcrumb"},"inLanguage":"zh-Hans","potentialAction":[{"@type":"ReadAction","target":["https:\/\/crouchrarebooks.com\/browse\/the-first-epidemiological-maps\/"]}]},{"@type":"ImageObject","inLanguage":"zh-Hans","@id":"https:\/\/crouchrarebooks.com\/browse\/the-first-epidemiological-maps\/#primaryimage","url":"https:\/\/i0.wp.com\/crouchrarebooks.com\/wp-content\/uploads\/2025\/03\/11896_1H.jpg?fit=2197%2C2499&ssl=1","contentUrl":"https:\/\/i0.wp.com\/crouchrarebooks.com\/wp-content\/uploads\/2025\/03\/11896_1H.jpg?fit=2197%2C2499&ssl=1","width":2197,"height":2499,"caption":"PICQUET, Charles and CHATE\u00c2UNEUF, Louis-Fran\u00e7ois Benoiston de Rapport sur la marche et les effets du chol\u00e9ra-morbus"},{"@type":"BreadcrumbList","@id":"https:\/\/crouchrarebooks.com\/browse\/the-first-epidemiological-maps\/#breadcrumb","itemListElement":[{"@type":"ListItem","position":1,"name":"Home","item":"https:\/\/crouchrarebooks.com\/zh-hans\/"},{"@type":"ListItem","position":2,"name":"shop","item":"https:\/\/crouchrarebooks.com\/shop\/"},{"@type":"ListItem","position":3,"name":"The first epidemiological maps"}]},{"@type":"WebSite","@id":"https:\/\/crouchrarebooks.com\/#website","url":"https:\/\/crouchrarebooks.com\/","name":"Daniel Crouch Rare Books","description":"Rare Maps, Vintage Maps, Antique Maps, Rare Atlases, Rare Books","potentialAction":[{"@type":"SearchAction","target":{"@type":"EntryPoint","urlTemplate":"https:\/\/crouchrarebooks.com\/?s={search_term_string}"},"query-input":{"@type":"PropertyValueSpecification","valueRequired":true,"valueName":"search_term_string"}}],"inLanguage":"zh-Hans"}]}},"jetpack_sharing_enabled":true,"_links":{"self":[{"href":"https:\/\/crouchrarebooks.com\/zh-hans\/wp-json\/wp\/v2\/product\/22840","targetHints":{"allow":["GET"]}}],"collection":[{"href":"https:\/\/crouchrarebooks.com\/zh-hans\/wp-json\/wp\/v2\/product"}],"about":[{"href":"https:\/\/crouchrarebooks.com\/zh-hans\/wp-json\/wp\/v2\/types\/product"}],"wp:featuredmedia":[{"embeddable":true,"href":"https:\/\/crouchrarebooks.com\/zh-hans\/wp-json\/wp\/v2\/media\/22841"}],"wp:attachment":[{"href":"https:\/\/crouchrarebooks.com\/zh-hans\/wp-json\/wp\/v2\/media?parent=22840"}],"wp:term":[{"taxonomy":"product_brand","embeddable":true,"href":"https:\/\/crouchrarebooks.com\/zh-hans\/wp-json\/wp\/v2\/product_brand?post=22840"},{"taxonomy":"product_cat","embeddable":true,"href":"https:\/\/crouchrarebooks.com\/zh-hans\/wp-json\/wp\/v2\/product_cat?post=22840"},{"taxonomy":"product_tag","embeddable":true,"href":"https:\/\/crouchrarebooks.com\/zh-hans\/wp-json\/wp\/v2\/product_tag?post=22840"},{"taxonomy":"product_campaign","embeddable":true,"href":"https:\/\/crouchrarebooks.com\/zh-hans\/wp-json\/wp\/v2\/product_campaign?post=22840"}],"curies":[{"name":"wp","href":"https:\/\/api.w.org\/{rel}","templated":true}]}}