{"id":21951,"date":"2024-10-09T00:46:00","date_gmt":"2024-10-09T00:46:00","guid":{"rendered":"https:\/\/crouchrarebooks.com\/browse\/two-manuscripts-from-the-most-famous-family-in-french-map-making-history\/"},"modified":"2025-03-18T17:33:24","modified_gmt":"2025-03-18T17:33:24","slug":"two-manuscripts-from-the-most-famous-family-in-french-map-making-history","status":"publish","type":"product","link":"https:\/\/crouchrarebooks.com\/zh-hans\/browse\/two-manuscripts-from-the-most-famous-family-in-french-map-making-history\/","title":{"rendered":"Two manuscripts from the most famous family in French map-making history"},"content":{"rendered":"<p>Description de la France: quarto (230 by 170mm), manuscript, 685pp., nine leaves, some mispagination and a few misbound, 60 manuscript maps in pen and ink, red marbled endpapers and pastedowns, original mottled calf, rebacked preserving original spine, spine in six compartments separated by raised bands, lavishly gilt, with red morocco label lettered in gilt, [with] three loose manuscript leaves and one loose map, all housed in modern quarter blue morocco clamshell case, title and author lettered in gilt. A full collation available upon request.<br \/>[together with]<br \/>Pens\u00e9es astronomiques: quarto, manuscript, 118 indexed leaves, damp staining to lower portion of text throughout, original paper over boards, wear to hinges, damp staining to upper and lower board, rubbed, a few manuscript annotations, [with] 12 loose manuscript sheets, all housed in modern quarter blue morocco clamshell case, title and author lettered in gilt.<\/p>","protected":false},"excerpt":{"rendered":"By CASSINI, Jean-Dominique, Jacques Philippe MARALDI and C\u00e9sar Fran\u00e7ois CASSINI DE THURY, [1708] and [after 1738].","protected":false},"featured_media":21952,"template":"","meta":[],"product_brand":[411],"product_cat":[4953,1237],"product_tag":[2480,2137,1049,1195,2838,911,2839,2836,2837,2578,2835,2245,2268,2834,2438,1543],"product_campaign":[],"class_list":{"0":"post-21951","1":"product","2":"type-product","3":"status-publish","4":"has-post-thumbnail","6":"product_brand-rare-books","7":"product_cat-all-stock","8":"product_cat-celestial","9":"product_tag-antique","10":"product_tag-astronomical","11":"product_tag-cassini","12":"product_tag-celestial","13":"product_tag-cesar-francois-cassini-de-thury","14":"product_tag-france","15":"product_tag-jacques-cassini","16":"product_tag-jean-baptiste-colbert","17":"product_tag-jean-dominique-cassini","18":"product_tag-louis-xiv","19":"product_tag-louis-xv","20":"product_tag-manuscript","21":"product_tag-map","22":"product_tag-maraldi","23":"product_tag-rare","24":"product_tag-survey","25":"subjects-celestial-3","27":"first","28":"outofstock","29":"sold-individually","30":"purchasable","31":"product-type-simple"},"yoast_head":"<!-- This site is optimized with the Yoast SEO Premium plugin v24.7 (Yoast SEO v27.3) - https:\/\/yoast.com\/product\/yoast-seo-premium-wordpress\/ -->\n<title>Two manuscripts from the most famous family in French map-making history - Daniel Crouch Rare Books<\/title>\n<meta name=\"robots\" content=\"index, follow, max-snippet:-1, max-image-preview:large, max-video-preview:-1\" \/>\n<link rel=\"canonical\" href=\"https:\/\/crouchrarebooks.com\/browse\/two-manuscripts-from-the-most-famous-family-in-french-map-making-history\/\" \/>\n<meta property=\"og:locale\" content=\"zh_CN\" \/>\n<meta property=\"og:type\" content=\"article\" \/>\n<meta property=\"og:title\" content=\"Two manuscripts from the most famous family in French map-making history\" \/>\n<meta property=\"og:description\" content=\"By CASSINI, Jean-Dominique, Jacques Philippe MARALDI and C\u00e9sar Fran\u00e7ois CASSINI DE THURY, [1708] and [after 1738].\" \/>\n<meta property=\"og:url\" content=\"https:\/\/crouchrarebooks.com\/browse\/two-manuscripts-from-the-most-famous-family-in-french-map-making-history\/\" \/>\n<meta property=\"og:site_name\" content=\"Daniel Crouch Rare Books\" \/>\n<meta property=\"article:modified_time\" content=\"2025-03-18T17:33:24+00:00\" \/>\n<meta property=\"og:image\" content=\"https:\/\/crouchrarebooks.com\/wp-content\/uploads\/2025\/03\/11485_1H.jpg\" \/>\n\t<meta property=\"og:image:width\" content=\"1224\" \/>\n\t<meta property=\"og:image:height\" content=\"1900\" \/>\n\t<meta property=\"og:image:type\" content=\"image\/jpeg\" \/>\n<meta name=\"twitter:card\" content=\"summary_large_image\" \/>\n<meta name=\"twitter:label1\" content=\"\u9884\u8ba1\u9605\u8bfb\u65f6\u95f4\" \/>\n\t<meta name=\"twitter:data1\" content=\"1 \u5206\" \/>\n<script type=\"application\/ld+json\" class=\"yoast-schema-graph\">{\"@context\":\"https:\\\/\\\/schema.org\",\"@graph\":[{\"@type\":\"WebPage\",\"@id\":\"https:\\\/\\\/crouchrarebooks.com\\\/browse\\\/two-manuscripts-from-the-most-famous-family-in-french-map-making-history\\\/\",\"url\":\"https:\\\/\\\/crouchrarebooks.com\\\/browse\\\/two-manuscripts-from-the-most-famous-family-in-french-map-making-history\\\/\",\"name\":\"Two manuscripts from the most famous family in French map-making history - Daniel Crouch Rare Books\",\"isPartOf\":{\"@id\":\"https:\\\/\\\/crouchrarebooks.com\\\/#website\"},\"primaryImageOfPage\":{\"@id\":\"https:\\\/\\\/crouchrarebooks.com\\\/browse\\\/two-manuscripts-from-the-most-famous-family-in-french-map-making-history\\\/#primaryimage\"},\"image\":{\"@id\":\"https:\\\/\\\/crouchrarebooks.com\\\/browse\\\/two-manuscripts-from-the-most-famous-family-in-french-map-making-history\\\/#primaryimage\"},\"thumbnailUrl\":\"https:\\\/\\\/i0.wp.com\\\/crouchrarebooks.com\\\/wp-content\\\/uploads\\\/2025\\\/03\\\/11485_1H.jpg?fit=1224%2C1900&ssl=1\",\"datePublished\":\"2024-10-09T00:46:00+00:00\",\"dateModified\":\"2025-03-18T17:33:24+00:00\",\"breadcrumb\":{\"@id\":\"https:\\\/\\\/crouchrarebooks.com\\\/browse\\\/two-manuscripts-from-the-most-famous-family-in-french-map-making-history\\\/#breadcrumb\"},\"inLanguage\":\"zh-Hans\",\"potentialAction\":[{\"@type\":\"ReadAction\",\"target\":[\"https:\\\/\\\/crouchrarebooks.com\\\/browse\\\/two-manuscripts-from-the-most-famous-family-in-french-map-making-history\\\/\"]}]},{\"@type\":\"ImageObject\",\"inLanguage\":\"zh-Hans\",\"@id\":\"https:\\\/\\\/crouchrarebooks.com\\\/browse\\\/two-manuscripts-from-the-most-famous-family-in-french-map-making-history\\\/#primaryimage\",\"url\":\"https:\\\/\\\/i0.wp.com\\\/crouchrarebooks.com\\\/wp-content\\\/uploads\\\/2025\\\/03\\\/11485_1H.jpg?fit=1224%2C1900&ssl=1\",\"contentUrl\":\"https:\\\/\\\/i0.wp.com\\\/crouchrarebooks.com\\\/wp-content\\\/uploads\\\/2025\\\/03\\\/11485_1H.jpg?fit=1224%2C1900&ssl=1\",\"width\":1224,\"height\":1900,\"caption\":\"CASSINI, Jean-Dominique, Jacques Philippe MARALDI and C\u00e9sar Fran\u00e7ois CASSINI DE THURY Description de la France [AND] Pens\u00e9es astronomiques que j'ay recuelli la plus parte dans les entretiens avec Monsieur Cassini\"},{\"@type\":\"BreadcrumbList\",\"@id\":\"https:\\\/\\\/crouchrarebooks.com\\\/browse\\\/two-manuscripts-from-the-most-famous-family-in-french-map-making-history\\\/#breadcrumb\",\"itemListElement\":[{\"@type\":\"ListItem\",\"position\":1,\"name\":\"Home\",\"item\":\"https:\\\/\\\/crouchrarebooks.com\\\/zh-hans\\\/\"},{\"@type\":\"ListItem\",\"position\":2,\"name\":\"shop\",\"item\":\"https:\\\/\\\/crouchrarebooks.com\\\/shop\\\/\"},{\"@type\":\"ListItem\",\"position\":3,\"name\":\"Two manuscripts from the most famous family in French map-making history\"}]},{\"@type\":\"WebSite\",\"@id\":\"https:\\\/\\\/crouchrarebooks.com\\\/#website\",\"url\":\"https:\\\/\\\/crouchrarebooks.com\\\/\",\"name\":\"Daniel Crouch Rare Books\",\"description\":\"Rare Maps, Vintage Maps, Antique Maps, Rare Atlases, Rare Books\",\"potentialAction\":[{\"@type\":\"SearchAction\",\"target\":{\"@type\":\"EntryPoint\",\"urlTemplate\":\"https:\\\/\\\/crouchrarebooks.com\\\/?s={search_term_string}\"},\"query-input\":{\"@type\":\"PropertyValueSpecification\",\"valueRequired\":true,\"valueName\":\"search_term_string\"}}],\"inLanguage\":\"zh-Hans\"}]}<\/script>\n<!-- \/ Yoast SEO Premium plugin. -->","yoast_head_json":{"title":"Two manuscripts from the most famous family in French map-making history - Daniel Crouch Rare Books","robots":{"index":"index","follow":"follow","max-snippet":"max-snippet:-1","max-image-preview":"max-image-preview:large","max-video-preview":"max-video-preview:-1"},"canonical":"https:\/\/crouchrarebooks.com\/browse\/two-manuscripts-from-the-most-famous-family-in-french-map-making-history\/","og_locale":"zh_CN","og_type":"article","og_title":"Two manuscripts from the most famous family in French map-making history","og_description":"By CASSINI, Jean-Dominique, Jacques Philippe MARALDI and C\u00e9sar Fran\u00e7ois CASSINI DE THURY, [1708] and [after 1738].","og_url":"https:\/\/crouchrarebooks.com\/browse\/two-manuscripts-from-the-most-famous-family-in-french-map-making-history\/","og_site_name":"Daniel Crouch Rare Books","article_modified_time":"2025-03-18T17:33:24+00:00","og_image":[{"width":1224,"height":1900,"url":"https:\/\/crouchrarebooks.com\/wp-content\/uploads\/2025\/03\/11485_1H.jpg","type":"image\/jpeg"}],"twitter_card":"summary_large_image","twitter_misc":{"\u9884\u8ba1\u9605\u8bfb\u65f6\u95f4":"1 \u5206"},"schema":{"@context":"https:\/\/schema.org","@graph":[{"@type":"WebPage","@id":"https:\/\/crouchrarebooks.com\/browse\/two-manuscripts-from-the-most-famous-family-in-french-map-making-history\/","url":"https:\/\/crouchrarebooks.com\/browse\/two-manuscripts-from-the-most-famous-family-in-french-map-making-history\/","name":"Two manuscripts from the most famous family in French map-making history - Daniel Crouch Rare Books","isPartOf":{"@id":"https:\/\/crouchrarebooks.com\/#website"},"primaryImageOfPage":{"@id":"https:\/\/crouchrarebooks.com\/browse\/two-manuscripts-from-the-most-famous-family-in-french-map-making-history\/#primaryimage"},"image":{"@id":"https:\/\/crouchrarebooks.com\/browse\/two-manuscripts-from-the-most-famous-family-in-french-map-making-history\/#primaryimage"},"thumbnailUrl":"https:\/\/i0.wp.com\/crouchrarebooks.com\/wp-content\/uploads\/2025\/03\/11485_1H.jpg?fit=1224%2C1900&ssl=1","datePublished":"2024-10-09T00:46:00+00:00","dateModified":"2025-03-18T17:33:24+00:00","breadcrumb":{"@id":"https:\/\/crouchrarebooks.com\/browse\/two-manuscripts-from-the-most-famous-family-in-french-map-making-history\/#breadcrumb"},"inLanguage":"zh-Hans","potentialAction":[{"@type":"ReadAction","target":["https:\/\/crouchrarebooks.com\/browse\/two-manuscripts-from-the-most-famous-family-in-french-map-making-history\/"]}]},{"@type":"ImageObject","inLanguage":"zh-Hans","@id":"https:\/\/crouchrarebooks.com\/browse\/two-manuscripts-from-the-most-famous-family-in-french-map-making-history\/#primaryimage","url":"https:\/\/i0.wp.com\/crouchrarebooks.com\/wp-content\/uploads\/2025\/03\/11485_1H.jpg?fit=1224%2C1900&ssl=1","contentUrl":"https:\/\/i0.wp.com\/crouchrarebooks.com\/wp-content\/uploads\/2025\/03\/11485_1H.jpg?fit=1224%2C1900&ssl=1","width":1224,"height":1900,"caption":"CASSINI, Jean-Dominique, Jacques Philippe MARALDI and C\u00e9sar Fran\u00e7ois CASSINI DE THURY Description de la France [AND] Pens\u00e9es astronomiques que j'ay recuelli la plus parte dans les entretiens avec Monsieur Cassini"},{"@type":"BreadcrumbList","@id":"https:\/\/crouchrarebooks.com\/browse\/two-manuscripts-from-the-most-famous-family-in-french-map-making-history\/#breadcrumb","itemListElement":[{"@type":"ListItem","position":1,"name":"Home","item":"https:\/\/crouchrarebooks.com\/zh-hans\/"},{"@type":"ListItem","position":2,"name":"shop","item":"https:\/\/crouchrarebooks.com\/shop\/"},{"@type":"ListItem","position":3,"name":"Two manuscripts from the most famous family in French map-making history"}]},{"@type":"WebSite","@id":"https:\/\/crouchrarebooks.com\/#website","url":"https:\/\/crouchrarebooks.com\/","name":"Daniel Crouch Rare Books","description":"Rare Maps, Vintage Maps, Antique Maps, Rare Atlases, Rare Books","potentialAction":[{"@type":"SearchAction","target":{"@type":"EntryPoint","urlTemplate":"https:\/\/crouchrarebooks.com\/?s={search_term_string}"},"query-input":{"@type":"PropertyValueSpecification","valueRequired":true,"valueName":"search_term_string"}}],"inLanguage":"zh-Hans"}]}},"jetpack_sharing_enabled":true,"_links":{"self":[{"href":"https:\/\/crouchrarebooks.com\/zh-hans\/wp-json\/wp\/v2\/product\/21951","targetHints":{"allow":["GET"]}}],"collection":[{"href":"https:\/\/crouchrarebooks.com\/zh-hans\/wp-json\/wp\/v2\/product"}],"about":[{"href":"https:\/\/crouchrarebooks.com\/zh-hans\/wp-json\/wp\/v2\/types\/product"}],"wp:featuredmedia":[{"embeddable":true,"href":"https:\/\/crouchrarebooks.com\/zh-hans\/wp-json\/wp\/v2\/media\/21952"}],"wp:attachment":[{"href":"https:\/\/crouchrarebooks.com\/zh-hans\/wp-json\/wp\/v2\/media?parent=21951"}],"wp:term":[{"taxonomy":"product_brand","embeddable":true,"href":"https:\/\/crouchrarebooks.com\/zh-hans\/wp-json\/wp\/v2\/product_brand?post=21951"},{"taxonomy":"product_cat","embeddable":true,"href":"https:\/\/crouchrarebooks.com\/zh-hans\/wp-json\/wp\/v2\/product_cat?post=21951"},{"taxonomy":"product_tag","embeddable":true,"href":"https:\/\/crouchrarebooks.com\/zh-hans\/wp-json\/wp\/v2\/product_tag?post=21951"},{"taxonomy":"product_campaign","embeddable":true,"href":"https:\/\/crouchrarebooks.com\/zh-hans\/wp-json\/wp\/v2\/product_campaign?post=21951"}],"curies":[{"name":"wp","href":"https:\/\/api.w.org\/{rel}","templated":true}]}}