{"id":19024,"date":"2024-12-05T05:57:29","date_gmt":"2024-12-05T05:57:29","guid":{"rendered":"https:\/\/crouchrarebooks.com\/browse\/a-rare-folding-paper-globe\/"},"modified":"2025-03-18T17:24:53","modified_gmt":"2025-03-18T17:24:53","slug":"a-rare-folding-paper-globe","status":"publish","type":"product","link":"https:\/\/crouchrarebooks.com\/zh-hans\/browse\/a-rare-folding-paper-globe\/","title":{"rendered":"A rare folding paper globe"},"content":{"rendered":"<p>Terrestrial folding globe comprising six ungraduated engraved gores with contemporary outline colouring, each mounted on contemporary card with cords to gore ends, contained in contemporary envelope style card folder with publisher&#8217;s label to upper board, inside covers with engaved terrestrial and celestial diagrams, each with faint contemporary hand colouring, the central panel with fifteen lithographic costume plates, each with contemporary hand colouring showing the world&#8217;s inhabitants and displayed as a concertina folding strip.<\/p>","protected":false},"excerpt":{"rendered":"By BAUER, Carl Johann Sigmund, 1825","protected":false},"featured_media":19025,"template":"","meta":[],"product_brand":[409],"product_cat":[4953,833,588],"product_tag":[2191,2192,2193],"product_campaign":[],"class_list":{"0":"post-19024","1":"product","2":"type-product","3":"status-publish","4":"has-post-thumbnail","6":"product_brand-rare-maps","7":"product_cat-all-stock","8":"product_cat-world","9":"product_cat-world-and-continents","10":"product_tag-bauer","11":"product_tag-folding-globe","12":"product_tag-pocket-globe","13":"subjects-maps","14":"subjects-world","15":"subjects-world-and-continents","16":"locations-world-world-and-continents-2","17":"locations-world-and-continents-2","19":"first","20":"outofstock","21":"sold-individually","22":"purchasable","23":"product-type-simple"},"yoast_head":"<!-- This site is optimized with the Yoast SEO Premium plugin v24.7 (Yoast SEO v27.5) - https:\/\/yoast.com\/product\/yoast-seo-premium-wordpress\/ -->\n<title>A rare folding paper globe - Daniel Crouch Rare Books<\/title>\n<meta name=\"robots\" content=\"index, follow, max-snippet:-1, max-image-preview:large, max-video-preview:-1\" \/>\n<link rel=\"canonical\" href=\"https:\/\/crouchrarebooks.com\/browse\/a-rare-folding-paper-globe\/\" \/>\n<meta property=\"og:locale\" content=\"zh_CN\" \/>\n<meta property=\"og:type\" content=\"article\" \/>\n<meta property=\"og:title\" content=\"A rare folding paper globe\" \/>\n<meta property=\"og:description\" content=\"By BAUER, Carl Johann Sigmund, 1825\" \/>\n<meta property=\"og:url\" content=\"https:\/\/crouchrarebooks.com\/browse\/a-rare-folding-paper-globe\/\" \/>\n<meta property=\"og:site_name\" content=\"Daniel Crouch Rare Books\" \/>\n<meta property=\"article:modified_time\" content=\"2025-03-18T17:24:53+00:00\" \/>\n<meta property=\"og:image\" content=\"https:\/\/crouchrarebooks.com\/wp-content\/uploads\/2025\/03\/2148_1H.jpg\" \/>\n\t<meta property=\"og:image:width\" content=\"1360\" \/>\n\t<meta property=\"og:image:height\" content=\"1900\" \/>\n\t<meta property=\"og:image:type\" content=\"image\/jpeg\" \/>\n<meta name=\"twitter:card\" content=\"summary_large_image\" \/>\n<script type=\"application\/ld+json\" class=\"yoast-schema-graph\">{\"@context\":\"https:\\\/\\\/schema.org\",\"@graph\":[{\"@type\":\"WebPage\",\"@id\":\"https:\\\/\\\/crouchrarebooks.com\\\/browse\\\/a-rare-folding-paper-globe\\\/\",\"url\":\"https:\\\/\\\/crouchrarebooks.com\\\/browse\\\/a-rare-folding-paper-globe\\\/\",\"name\":\"A rare folding paper globe - Daniel Crouch Rare Books\",\"isPartOf\":{\"@id\":\"https:\\\/\\\/crouchrarebooks.com\\\/#website\"},\"primaryImageOfPage\":{\"@id\":\"https:\\\/\\\/crouchrarebooks.com\\\/browse\\\/a-rare-folding-paper-globe\\\/#primaryimage\"},\"image\":{\"@id\":\"https:\\\/\\\/crouchrarebooks.com\\\/browse\\\/a-rare-folding-paper-globe\\\/#primaryimage\"},\"thumbnailUrl\":\"https:\\\/\\\/i0.wp.com\\\/crouchrarebooks.com\\\/wp-content\\\/uploads\\\/2025\\\/03\\\/2148_1H.jpg?fit=1360%2C1900&ssl=1\",\"datePublished\":\"2024-12-05T05:57:29+00:00\",\"dateModified\":\"2025-03-18T17:24:53+00:00\",\"breadcrumb\":{\"@id\":\"https:\\\/\\\/crouchrarebooks.com\\\/browse\\\/a-rare-folding-paper-globe\\\/#breadcrumb\"},\"inLanguage\":\"zh-Hans\",\"potentialAction\":[{\"@type\":\"ReadAction\",\"target\":[\"https:\\\/\\\/crouchrarebooks.com\\\/browse\\\/a-rare-folding-paper-globe\\\/\"]}]},{\"@type\":\"ImageObject\",\"inLanguage\":\"zh-Hans\",\"@id\":\"https:\\\/\\\/crouchrarebooks.com\\\/browse\\\/a-rare-folding-paper-globe\\\/#primaryimage\",\"url\":\"https:\\\/\\\/i0.wp.com\\\/crouchrarebooks.com\\\/wp-content\\\/uploads\\\/2025\\\/03\\\/2148_1H.jpg?fit=1360%2C1900&ssl=1\",\"contentUrl\":\"https:\\\/\\\/i0.wp.com\\\/crouchrarebooks.com\\\/wp-content\\\/uploads\\\/2025\\\/03\\\/2148_1H.jpg?fit=1360%2C1900&ssl=1\",\"width\":1360,\"height\":1900,\"caption\":\"BAUER, Carl Johann Sigmund K\u00fcnstliche ERDKUGEL zur Verbreitung gemein n\u00fctziger Kentnisse \u00fcber die Eintheilung u: Gestalt der L\u00e4nder u: Meere unsers Wohnplatzes.\"},{\"@type\":\"BreadcrumbList\",\"@id\":\"https:\\\/\\\/crouchrarebooks.com\\\/browse\\\/a-rare-folding-paper-globe\\\/#breadcrumb\",\"itemListElement\":[{\"@type\":\"ListItem\",\"position\":1,\"name\":\"Home\",\"item\":\"https:\\\/\\\/crouchrarebooks.com\\\/zh-hans\\\/\"},{\"@type\":\"ListItem\",\"position\":2,\"name\":\"shop\",\"item\":\"https:\\\/\\\/crouchrarebooks.com\\\/shop\\\/\"},{\"@type\":\"ListItem\",\"position\":3,\"name\":\"A rare folding paper globe\"}]},{\"@type\":\"WebSite\",\"@id\":\"https:\\\/\\\/crouchrarebooks.com\\\/#website\",\"url\":\"https:\\\/\\\/crouchrarebooks.com\\\/\",\"name\":\"Daniel Crouch Rare Books\",\"description\":\"Rare Maps, Vintage Maps, Antique Maps, Rare Atlases, Rare Books\",\"potentialAction\":[{\"@type\":\"SearchAction\",\"target\":{\"@type\":\"EntryPoint\",\"urlTemplate\":\"https:\\\/\\\/crouchrarebooks.com\\\/?s={search_term_string}\"},\"query-input\":{\"@type\":\"PropertyValueSpecification\",\"valueRequired\":true,\"valueName\":\"search_term_string\"}}],\"inLanguage\":\"zh-Hans\"}]}<\/script>\n<!-- \/ Yoast SEO Premium plugin. -->","yoast_head_json":{"title":"A rare folding paper globe - Daniel Crouch Rare Books","robots":{"index":"index","follow":"follow","max-snippet":"max-snippet:-1","max-image-preview":"max-image-preview:large","max-video-preview":"max-video-preview:-1"},"canonical":"https:\/\/crouchrarebooks.com\/browse\/a-rare-folding-paper-globe\/","og_locale":"zh_CN","og_type":"article","og_title":"A rare folding paper globe","og_description":"By BAUER, Carl Johann Sigmund, 1825","og_url":"https:\/\/crouchrarebooks.com\/browse\/a-rare-folding-paper-globe\/","og_site_name":"Daniel Crouch Rare Books","article_modified_time":"2025-03-18T17:24:53+00:00","og_image":[{"width":1360,"height":1900,"url":"https:\/\/crouchrarebooks.com\/wp-content\/uploads\/2025\/03\/2148_1H.jpg","type":"image\/jpeg"}],"twitter_card":"summary_large_image","schema":{"@context":"https:\/\/schema.org","@graph":[{"@type":"WebPage","@id":"https:\/\/crouchrarebooks.com\/browse\/a-rare-folding-paper-globe\/","url":"https:\/\/crouchrarebooks.com\/browse\/a-rare-folding-paper-globe\/","name":"A rare folding paper globe - Daniel Crouch Rare Books","isPartOf":{"@id":"https:\/\/crouchrarebooks.com\/#website"},"primaryImageOfPage":{"@id":"https:\/\/crouchrarebooks.com\/browse\/a-rare-folding-paper-globe\/#primaryimage"},"image":{"@id":"https:\/\/crouchrarebooks.com\/browse\/a-rare-folding-paper-globe\/#primaryimage"},"thumbnailUrl":"https:\/\/i0.wp.com\/crouchrarebooks.com\/wp-content\/uploads\/2025\/03\/2148_1H.jpg?fit=1360%2C1900&ssl=1","datePublished":"2024-12-05T05:57:29+00:00","dateModified":"2025-03-18T17:24:53+00:00","breadcrumb":{"@id":"https:\/\/crouchrarebooks.com\/browse\/a-rare-folding-paper-globe\/#breadcrumb"},"inLanguage":"zh-Hans","potentialAction":[{"@type":"ReadAction","target":["https:\/\/crouchrarebooks.com\/browse\/a-rare-folding-paper-globe\/"]}]},{"@type":"ImageObject","inLanguage":"zh-Hans","@id":"https:\/\/crouchrarebooks.com\/browse\/a-rare-folding-paper-globe\/#primaryimage","url":"https:\/\/i0.wp.com\/crouchrarebooks.com\/wp-content\/uploads\/2025\/03\/2148_1H.jpg?fit=1360%2C1900&ssl=1","contentUrl":"https:\/\/i0.wp.com\/crouchrarebooks.com\/wp-content\/uploads\/2025\/03\/2148_1H.jpg?fit=1360%2C1900&ssl=1","width":1360,"height":1900,"caption":"BAUER, Carl Johann Sigmund K\u00fcnstliche ERDKUGEL zur Verbreitung gemein n\u00fctziger Kentnisse \u00fcber die Eintheilung u: Gestalt der L\u00e4nder u: Meere unsers Wohnplatzes."},{"@type":"BreadcrumbList","@id":"https:\/\/crouchrarebooks.com\/browse\/a-rare-folding-paper-globe\/#breadcrumb","itemListElement":[{"@type":"ListItem","position":1,"name":"Home","item":"https:\/\/crouchrarebooks.com\/zh-hans\/"},{"@type":"ListItem","position":2,"name":"shop","item":"https:\/\/crouchrarebooks.com\/shop\/"},{"@type":"ListItem","position":3,"name":"A rare folding paper globe"}]},{"@type":"WebSite","@id":"https:\/\/crouchrarebooks.com\/#website","url":"https:\/\/crouchrarebooks.com\/","name":"Daniel Crouch Rare Books","description":"Rare Maps, Vintage Maps, Antique Maps, Rare Atlases, Rare Books","potentialAction":[{"@type":"SearchAction","target":{"@type":"EntryPoint","urlTemplate":"https:\/\/crouchrarebooks.com\/?s={search_term_string}"},"query-input":{"@type":"PropertyValueSpecification","valueRequired":true,"valueName":"search_term_string"}}],"inLanguage":"zh-Hans"}]}},"jetpack_sharing_enabled":true,"_links":{"self":[{"href":"https:\/\/crouchrarebooks.com\/zh-hans\/wp-json\/wp\/v2\/product\/19024","targetHints":{"allow":["GET"]}}],"collection":[{"href":"https:\/\/crouchrarebooks.com\/zh-hans\/wp-json\/wp\/v2\/product"}],"about":[{"href":"https:\/\/crouchrarebooks.com\/zh-hans\/wp-json\/wp\/v2\/types\/product"}],"wp:featuredmedia":[{"embeddable":true,"href":"https:\/\/crouchrarebooks.com\/zh-hans\/wp-json\/wp\/v2\/media\/19025"}],"wp:attachment":[{"href":"https:\/\/crouchrarebooks.com\/zh-hans\/wp-json\/wp\/v2\/media?parent=19024"}],"wp:term":[{"taxonomy":"product_brand","embeddable":true,"href":"https:\/\/crouchrarebooks.com\/zh-hans\/wp-json\/wp\/v2\/product_brand?post=19024"},{"taxonomy":"product_cat","embeddable":true,"href":"https:\/\/crouchrarebooks.com\/zh-hans\/wp-json\/wp\/v2\/product_cat?post=19024"},{"taxonomy":"product_tag","embeddable":true,"href":"https:\/\/crouchrarebooks.com\/zh-hans\/wp-json\/wp\/v2\/product_tag?post=19024"},{"taxonomy":"product_campaign","embeddable":true,"href":"https:\/\/crouchrarebooks.com\/zh-hans\/wp-json\/wp\/v2\/product_campaign?post=19024"}],"curies":[{"name":"wp","href":"https:\/\/api.w.org\/{rel}","templated":true}]}}